{"id":6799,"date":"2026-04-08T06:50:50","date_gmt":"2026-04-08T10:50:50","guid":{"rendered":"https:\/\/fcsypunca.edu.py\/?page_id=6799"},"modified":"2026-04-08T07:19:01","modified_gmt":"2026-04-08T11:19:01","slug":"proyectos-ejecutados","status":"publish","type":"page","link":"https:\/\/fcsypunca.edu.py\/?page_id=6799","title":{"rendered":"Proyectos Ejecutados"},"content":{"rendered":"\t\t<div data-elementor-type=\"wp-page\" data-elementor-id=\"6799\" class=\"elementor elementor-6799\">\n\t\t\t\t\t\t<section class=\"elementor-section elementor-top-section elementor-element elementor-element-2aa76a4 elementor-section-boxed elementor-section-height-default elementor-section-height-default\" data-id=\"2aa76a4\" data-element_type=\"section\">\n\t\t\t\t\t\t<div class=\"elementor-container elementor-column-gap-default\">\n\t\t\t\t\t<div class=\"elementor-column elementor-col-100 elementor-top-column elementor-element elementor-element-5fb71d7\" data-id=\"5fb71d7\" data-element_type=\"column\">\n\t\t\t<div class=\"elementor-widget-wrap elementor-element-populated\">\n\t\t\t\t\t\t<div class=\"elementor-element elementor-element-08e4d96 elementor-widget elementor-widget-heading\" data-id=\"08e4d96\" data-element_type=\"widget\" data-widget_type=\"heading.default\">\n\t\t\t\t<div class=\"elementor-widget-container\">\n\t\t\t\t\t<h2 class=\"elementor-heading-title elementor-size-default\">Inicio del A\u00f1o Lectivo 2026<\/h2>\t\t\t\t<\/div>\n\t\t\t\t<\/div>\n\t\t\t\t\t<\/div>\n\t\t<\/div>\n\t\t\t\t\t<\/div>\n\t\t<\/section>\n\t\t\t\t<section class=\"elementor-section elementor-top-section elementor-element elementor-element-54f4ce6 elementor-section-boxed elementor-section-height-default elementor-section-height-default\" data-id=\"54f4ce6\" data-element_type=\"section\">\n\t\t\t\t\t\t<div class=\"elementor-container elementor-column-gap-default\">\n\t\t\t\t\t<div class=\"elementor-column elementor-col-100 elementor-top-column elementor-element elementor-element-69931a6\" data-id=\"69931a6\" data-element_type=\"column\">\n\t\t\t<div class=\"elementor-widget-wrap elementor-element-populated\">\n\t\t\t\t\t\t<div class=\"elementor-element elementor-element-2387713 elementor-widget elementor-widget-text-editor\" data-id=\"2387713\" data-element_type=\"widget\" data-widget_type=\"text-editor.default\">\n\t\t\t\t<div class=\"elementor-widget-container\">\n\t\t\t\t\t\t\t\t\t<p>La comunidad educativa de la Facultad de Ciencias Sociales, Pol\u00edticas y Humanidades de la Universidad Nacional de Caaguaz\u00fa particip\u00f3 del Acto de Apertura del A\u00f1o Lectivo 2026.<\/p><div class=\"x14z9mp xat24cr x1lziwak x1vvkbs xtlvy1s x126k92a\"><div dir=\"auto\">Este evento marca el comienzo de un nuevo ciclo acad\u00e9mico, lleno de retos, aprendizaje y oportunidades para nuestros estudiantes.<\/div><\/div>\t\t\t\t\t\t\t\t<\/div>\n\t\t\t\t<\/div>\n\t\t\t\t\t<\/div>\n\t\t<\/div>\n\t\t\t\t\t<\/div>\n\t\t<\/section>\n\t\t\t\t<section class=\"elementor-section elementor-top-section elementor-element elementor-element-4ef9f33 elementor-section-boxed elementor-section-height-default elementor-section-height-default\" data-id=\"4ef9f33\" data-element_type=\"section\">\n\t\t\t\t\t\t<div class=\"elementor-container elementor-column-gap-default\">\n\t\t\t\t\t<div class=\"elementor-column elementor-col-33 elementor-top-column elementor-element elementor-element-321bc3e\" data-id=\"321bc3e\" data-element_type=\"column\">\n\t\t\t<div class=\"elementor-widget-wrap elementor-element-populated\">\n\t\t\t\t\t\t<div class=\"elementor-element elementor-element-e851dcd elementor-widget elementor-widget-image\" data-id=\"e851dcd\" data-element_type=\"widget\" data-widget_type=\"image.default\">\n\t\t\t\t<div class=\"elementor-widget-container\">\n\t\t\t\t\t\t\t\t\t\t\t\t\t\t\t<img fetchpriority=\"high\" decoding=\"async\" width=\"640\" height=\"426\" src=\"https:\/\/fcsypunca.edu.py\/wp-content\/uploads\/2026\/04\/WhatsApp-Image-2026-04-08-at-8.06.19-AM-1024x682.jpeg\" class=\"attachment-large size-large wp-image-6805\" alt=\"\" srcset=\"https:\/\/fcsypunca.edu.py\/wp-content\/uploads\/2026\/04\/WhatsApp-Image-2026-04-08-at-8.06.19-AM-1024x682.jpeg 1024w, https:\/\/fcsypunca.edu.py\/wp-content\/uploads\/2026\/04\/WhatsApp-Image-2026-04-08-at-8.06.19-AM-300x200.jpeg 300w, https:\/\/fcsypunca.edu.py\/wp-content\/uploads\/2026\/04\/WhatsApp-Image-2026-04-08-at-8.06.19-AM-768x512.jpeg 768w, https:\/\/fcsypunca.edu.py\/wp-content\/uploads\/2026\/04\/WhatsApp-Image-2026-04-08-at-8.06.19-AM-1536x1023.jpeg 1536w, https:\/\/fcsypunca.edu.py\/wp-content\/uploads\/2026\/04\/WhatsApp-Image-2026-04-08-at-8.06.19-AM-600x400.jpeg 600w, https:\/\/fcsypunca.edu.py\/wp-content\/uploads\/2026\/04\/WhatsApp-Image-2026-04-08-at-8.06.19-AM.jpeg 1600w\" sizes=\"(max-width: 640px) 100vw, 640px\" \/>\t\t\t\t\t\t\t\t\t\t\t\t\t\t\t<\/div>\n\t\t\t\t<\/div>\n\t\t\t\t\t<\/div>\n\t\t<\/div>\n\t\t\t\t<div class=\"elementor-column elementor-col-33 elementor-top-column elementor-element elementor-element-2de328e\" data-id=\"2de328e\" data-element_type=\"column\">\n\t\t\t<div class=\"elementor-widget-wrap elementor-element-populated\">\n\t\t\t\t\t\t<div class=\"elementor-element elementor-element-afb3d9d elementor-widget elementor-widget-image\" data-id=\"afb3d9d\" data-element_type=\"widget\" data-widget_type=\"image.default\">\n\t\t\t\t<div class=\"elementor-widget-container\">\n\t\t\t\t\t\t\t\t\t\t\t\t\t\t\t<img decoding=\"async\" width=\"640\" height=\"426\" src=\"https:\/\/fcsypunca.edu.py\/wp-content\/uploads\/2026\/04\/WhatsApp-Image-2026-04-08-at-8.06.20-AM-1024x682.jpeg\" class=\"attachment-large size-large wp-image-6804\" alt=\"\" srcset=\"https:\/\/fcsypunca.edu.py\/wp-content\/uploads\/2026\/04\/WhatsApp-Image-2026-04-08-at-8.06.20-AM-1024x682.jpeg 1024w, https:\/\/fcsypunca.edu.py\/wp-content\/uploads\/2026\/04\/WhatsApp-Image-2026-04-08-at-8.06.20-AM-300x200.jpeg 300w, https:\/\/fcsypunca.edu.py\/wp-content\/uploads\/2026\/04\/WhatsApp-Image-2026-04-08-at-8.06.20-AM-768x512.jpeg 768w, https:\/\/fcsypunca.edu.py\/wp-content\/uploads\/2026\/04\/WhatsApp-Image-2026-04-08-at-8.06.20-AM-1536x1023.jpeg 1536w, https:\/\/fcsypunca.edu.py\/wp-content\/uploads\/2026\/04\/WhatsApp-Image-2026-04-08-at-8.06.20-AM-600x400.jpeg 600w, https:\/\/fcsypunca.edu.py\/wp-content\/uploads\/2026\/04\/WhatsApp-Image-2026-04-08-at-8.06.20-AM.jpeg 1600w\" sizes=\"(max-width: 640px) 100vw, 640px\" \/>\t\t\t\t\t\t\t\t\t\t\t\t\t\t\t<\/div>\n\t\t\t\t<\/div>\n\t\t\t\t\t<\/div>\n\t\t<\/div>\n\t\t\t\t<div class=\"elementor-column elementor-col-33 elementor-top-column elementor-element elementor-element-2a2665a\" data-id=\"2a2665a\" data-element_type=\"column\">\n\t\t\t<div class=\"elementor-widget-wrap elementor-element-populated\">\n\t\t\t\t\t\t<div class=\"elementor-element elementor-element-5b336ac elementor-widget elementor-widget-image\" data-id=\"5b336ac\" data-element_type=\"widget\" data-widget_type=\"image.default\">\n\t\t\t\t<div class=\"elementor-widget-container\">\n\t\t\t\t\t\t\t\t\t\t\t\t\t\t\t<img decoding=\"async\" width=\"640\" height=\"427\" src=\"https:\/\/fcsypunca.edu.py\/wp-content\/uploads\/2026\/04\/WhatsApp-Image-2026-04-08-at-8.06.20-AM-1-1024x683.jpeg\" class=\"attachment-large size-large wp-image-6803\" alt=\"\" srcset=\"https:\/\/fcsypunca.edu.py\/wp-content\/uploads\/2026\/04\/WhatsApp-Image-2026-04-08-at-8.06.20-AM-1-1024x683.jpeg 1024w, https:\/\/fcsypunca.edu.py\/wp-content\/uploads\/2026\/04\/WhatsApp-Image-2026-04-08-at-8.06.20-AM-1-300x200.jpeg 300w, https:\/\/fcsypunca.edu.py\/wp-content\/uploads\/2026\/04\/WhatsApp-Image-2026-04-08-at-8.06.20-AM-1-768x512.jpeg 768w, https:\/\/fcsypunca.edu.py\/wp-content\/uploads\/2026\/04\/WhatsApp-Image-2026-04-08-at-8.06.20-AM-1-1536x1024.jpeg 1536w, https:\/\/fcsypunca.edu.py\/wp-content\/uploads\/2026\/04\/WhatsApp-Image-2026-04-08-at-8.06.20-AM-1-600x400.jpeg 600w, https:\/\/fcsypunca.edu.py\/wp-content\/uploads\/2026\/04\/WhatsApp-Image-2026-04-08-at-8.06.20-AM-1.jpeg 2048w\" sizes=\"(max-width: 640px) 100vw, 640px\" \/>\t\t\t\t\t\t\t\t\t\t\t\t\t\t\t<\/div>\n\t\t\t\t<\/div>\n\t\t\t\t\t<\/div>\n\t\t<\/div>\n\t\t\t\t\t<\/div>\n\t\t<\/section>\n\t\t\t\t<section class=\"elementor-section elementor-top-section elementor-element elementor-element-ba02f85 elementor-section-boxed elementor-section-height-default elementor-section-height-default\" data-id=\"ba02f85\" data-element_type=\"section\">\n\t\t\t\t\t\t<div class=\"elementor-container elementor-column-gap-default\">\n\t\t\t\t\t<div class=\"elementor-column elementor-col-100 elementor-top-column elementor-element elementor-element-d67f1db\" data-id=\"d67f1db\" data-element_type=\"column\">\n\t\t\t<div class=\"elementor-widget-wrap elementor-element-populated\">\n\t\t\t\t\t\t<div class=\"elementor-element elementor-element-b96690f elementor-widget-divider--view-line elementor-widget elementor-widget-divider\" data-id=\"b96690f\" data-element_type=\"widget\" data-widget_type=\"divider.default\">\n\t\t\t\t<div class=\"elementor-widget-container\">\n\t\t\t\t\t\t\t<div class=\"elementor-divider\">\n\t\t\t<span class=\"elementor-divider-separator\">\n\t\t\t\t\t\t<\/span>\n\t\t<\/div>\n\t\t\t\t\t\t<\/div>\n\t\t\t\t<\/div>\n\t\t\t\t\t<\/div>\n\t\t<\/div>\n\t\t\t\t\t<\/div>\n\t\t<\/section>\n\t\t\t\t<section class=\"elementor-section elementor-top-section elementor-element elementor-element-3fc30cf elementor-section-boxed elementor-section-height-default elementor-section-height-default\" data-id=\"3fc30cf\" data-element_type=\"section\">\n\t\t\t\t\t\t<div class=\"elementor-container elementor-column-gap-default\">\n\t\t\t\t\t<div class=\"elementor-column elementor-col-100 elementor-top-column elementor-element elementor-element-8e2f463\" data-id=\"8e2f463\" data-element_type=\"column\">\n\t\t\t<div class=\"elementor-widget-wrap elementor-element-populated\">\n\t\t\t\t\t\t<div class=\"elementor-element elementor-element-b54b5b3 elementor-widget elementor-widget-spacer\" data-id=\"b54b5b3\" data-element_type=\"widget\" data-widget_type=\"spacer.default\">\n\t\t\t\t<div class=\"elementor-widget-container\">\n\t\t\t\t\t\t\t<div class=\"elementor-spacer\">\n\t\t\t<div class=\"elementor-spacer-inner\"><\/div>\n\t\t<\/div>\n\t\t\t\t\t\t<\/div>\n\t\t\t\t<\/div>\n\t\t\t\t\t<\/div>\n\t\t<\/div>\n\t\t\t\t\t<\/div>\n\t\t<\/section>\n\t\t\t\t<section class=\"elementor-section elementor-top-section elementor-element elementor-element-4cb370d elementor-section-boxed elementor-section-height-default elementor-section-height-default\" data-id=\"4cb370d\" data-element_type=\"section\">\n\t\t\t\t\t\t<div class=\"elementor-container elementor-column-gap-default\">\n\t\t\t\t\t<div class=\"elementor-column elementor-col-100 elementor-top-column elementor-element elementor-element-8aa31d4\" data-id=\"8aa31d4\" data-element_type=\"column\">\n\t\t\t<div class=\"elementor-widget-wrap elementor-element-populated\">\n\t\t\t\t\t\t<div class=\"elementor-element elementor-element-cbcb736 elementor-widget elementor-widget-heading\" data-id=\"cbcb736\" data-element_type=\"widget\" data-widget_type=\"heading.default\">\n\t\t\t\t<div class=\"elementor-widget-container\">\n\t\t\t\t\t<h2 class=\"elementor-heading-title elementor-size-default\">\"Beers and Politics\"<\/h2>\t\t\t\t<\/div>\n\t\t\t\t<\/div>\n\t\t\t\t\t<\/div>\n\t\t<\/div>\n\t\t\t\t\t<\/div>\n\t\t<\/section>\n\t\t\t\t<section class=\"elementor-section elementor-top-section elementor-element elementor-element-b337f17 elementor-section-boxed elementor-section-height-default elementor-section-height-default\" data-id=\"b337f17\" data-element_type=\"section\">\n\t\t\t\t\t\t<div class=\"elementor-container elementor-column-gap-default\">\n\t\t\t\t\t<div class=\"elementor-column elementor-col-100 elementor-top-column elementor-element elementor-element-a08872d\" data-id=\"a08872d\" data-element_type=\"column\">\n\t\t\t<div class=\"elementor-widget-wrap elementor-element-populated\">\n\t\t\t\t\t\t<div class=\"elementor-element elementor-element-79907d4 elementor-widget elementor-widget-text-editor\" data-id=\"79907d4\" data-element_type=\"widget\" data-widget_type=\"text-editor.default\">\n\t\t\t\t<div class=\"elementor-widget-container\">\n\t\t\t\t\t\t\t\t\t<p>El evento \u00abBeers and Politics\u00bb se llev\u00f3 a cabo con \u00e9xito en el marco del D\u00eda Nacional del Polit\u00f3logo en Paraguay, creando un espacio de reflexi\u00f3n y debate sobre los desaf\u00edos pol\u00edticos actuales y destacando el papel clave del polit\u00f3logo en el an\u00e1lisis y fortalecimiento de la democracia.<\/p><div class=\"html-div xdj266r x14z9mp xat24cr x1lziwak xexx8yu xyri2b x18d9i69 x1c1uobl\"><div class=\"html-div xdj266r x14z9mp xat24cr x1lziwak xexx8yu xyri2b x18d9i69 x1c1uobl\" dir=\"auto\"><div class=\"html-div xdj266r x14z9mp xat24cr x1lziwak xexx8yu xyri2b x18d9i69 x1c1uobl\" data-ad-rendering-role=\"story_message\"><div class=\"x1l90r2v x1iorvi4 x1g0dm76 xpdmqnj\" data-ad-comet-preview=\"message\" data-ad-preview=\"message\"><div class=\"x78zum5 xdt5ytf xz62fqu x16ldp7u\"><div class=\"xu06os2 x1ok221b\"><div class=\"html-div xdj266r x14z9mp xat24cr x1lziwak xexx8yu xyri2b x18d9i69 x1c1uobl\"><div class=\"x14z9mp xat24cr x1lziwak x1vvkbs xtlvy1s x126k92a\"><div dir=\"auto\">El destacado disertante Camilo Soares fue el encargado de guiar el debate.<\/div><\/div><\/div><\/div><\/div><\/div><\/div><\/div><\/div>\t\t\t\t\t\t\t\t<\/div>\n\t\t\t\t<\/div>\n\t\t\t\t\t<\/div>\n\t\t<\/div>\n\t\t\t\t\t<\/div>\n\t\t<\/section>\n\t\t\t\t<section class=\"elementor-section elementor-top-section elementor-element elementor-element-492ffec elementor-section-boxed elementor-section-height-default elementor-section-height-default\" data-id=\"492ffec\" data-element_type=\"section\">\n\t\t\t\t\t\t<div class=\"elementor-container elementor-column-gap-default\">\n\t\t\t\t\t<div class=\"elementor-column elementor-col-33 elementor-top-column elementor-element elementor-element-313bec4\" data-id=\"313bec4\" data-element_type=\"column\">\n\t\t\t<div class=\"elementor-widget-wrap elementor-element-populated\">\n\t\t\t\t\t\t<div class=\"elementor-element elementor-element-945e135 elementor-widget elementor-widget-image\" data-id=\"945e135\" data-element_type=\"widget\" data-widget_type=\"image.default\">\n\t\t\t\t<div class=\"elementor-widget-container\">\n\t\t\t\t\t\t\t\t\t\t\t\t\t\t\t<img loading=\"lazy\" decoding=\"async\" width=\"640\" height=\"480\" src=\"https:\/\/fcsypunca.edu.py\/wp-content\/uploads\/2026\/04\/WhatsApp-Image-2026-04-08-at-8.14.28-AM-1-1024x768.jpeg\" class=\"attachment-large size-large wp-image-6808\" alt=\"\" srcset=\"https:\/\/fcsypunca.edu.py\/wp-content\/uploads\/2026\/04\/WhatsApp-Image-2026-04-08-at-8.14.28-AM-1-1024x768.jpeg 1024w, https:\/\/fcsypunca.edu.py\/wp-content\/uploads\/2026\/04\/WhatsApp-Image-2026-04-08-at-8.14.28-AM-1-300x225.jpeg 300w, https:\/\/fcsypunca.edu.py\/wp-content\/uploads\/2026\/04\/WhatsApp-Image-2026-04-08-at-8.14.28-AM-1-768x576.jpeg 768w, https:\/\/fcsypunca.edu.py\/wp-content\/uploads\/2026\/04\/WhatsApp-Image-2026-04-08-at-8.14.28-AM-1-1536x1152.jpeg 1536w, https:\/\/fcsypunca.edu.py\/wp-content\/uploads\/2026\/04\/WhatsApp-Image-2026-04-08-at-8.14.28-AM-1.jpeg 1600w\" sizes=\"(max-width: 640px) 100vw, 640px\" \/>\t\t\t\t\t\t\t\t\t\t\t\t\t\t\t<\/div>\n\t\t\t\t<\/div>\n\t\t\t\t\t<\/div>\n\t\t<\/div>\n\t\t\t\t<div class=\"elementor-column elementor-col-33 elementor-top-column elementor-element elementor-element-796916d\" data-id=\"796916d\" data-element_type=\"column\">\n\t\t\t<div class=\"elementor-widget-wrap elementor-element-populated\">\n\t\t\t\t\t\t<div class=\"elementor-element elementor-element-3cfd5e8 elementor-widget elementor-widget-image\" data-id=\"3cfd5e8\" data-element_type=\"widget\" data-widget_type=\"image.default\">\n\t\t\t\t<div class=\"elementor-widget-container\">\n\t\t\t\t\t\t\t\t\t\t\t\t\t\t\t<img loading=\"lazy\" decoding=\"async\" width=\"640\" height=\"960\" src=\"https:\/\/fcsypunca.edu.py\/wp-content\/uploads\/2026\/04\/WhatsApp-Image-2026-04-08-at-8.14.28-AM-683x1024.jpeg\" class=\"attachment-large size-large wp-image-6807\" alt=\"\" srcset=\"https:\/\/fcsypunca.edu.py\/wp-content\/uploads\/2026\/04\/WhatsApp-Image-2026-04-08-at-8.14.28-AM-683x1024.jpeg 683w, https:\/\/fcsypunca.edu.py\/wp-content\/uploads\/2026\/04\/WhatsApp-Image-2026-04-08-at-8.14.28-AM-200x300.jpeg 200w, https:\/\/fcsypunca.edu.py\/wp-content\/uploads\/2026\/04\/WhatsApp-Image-2026-04-08-at-8.14.28-AM-768x1152.jpeg 768w, https:\/\/fcsypunca.edu.py\/wp-content\/uploads\/2026\/04\/WhatsApp-Image-2026-04-08-at-8.14.28-AM.jpeg 1024w\" sizes=\"(max-width: 640px) 100vw, 640px\" \/>\t\t\t\t\t\t\t\t\t\t\t\t\t\t\t<\/div>\n\t\t\t\t<\/div>\n\t\t\t\t\t<\/div>\n\t\t<\/div>\n\t\t\t\t<div class=\"elementor-column elementor-col-33 elementor-top-column elementor-element elementor-element-7c55d6c\" data-id=\"7c55d6c\" data-element_type=\"column\">\n\t\t\t<div class=\"elementor-widget-wrap elementor-element-populated\">\n\t\t\t\t\t\t<div class=\"elementor-element elementor-element-d026a19 elementor-widget elementor-widget-image\" data-id=\"d026a19\" data-element_type=\"widget\" data-widget_type=\"image.default\">\n\t\t\t\t<div class=\"elementor-widget-container\">\n\t\t\t\t\t\t\t\t\t\t\t\t\t\t\t<img loading=\"lazy\" decoding=\"async\" width=\"640\" height=\"480\" src=\"https:\/\/fcsypunca.edu.py\/wp-content\/uploads\/2026\/04\/WhatsApp-Image-2026-04-08-at-8.14.29-AM-1024x768.jpeg\" class=\"attachment-large size-large wp-image-6806\" alt=\"\" srcset=\"https:\/\/fcsypunca.edu.py\/wp-content\/uploads\/2026\/04\/WhatsApp-Image-2026-04-08-at-8.14.29-AM-1024x768.jpeg 1024w, https:\/\/fcsypunca.edu.py\/wp-content\/uploads\/2026\/04\/WhatsApp-Image-2026-04-08-at-8.14.29-AM-300x225.jpeg 300w, https:\/\/fcsypunca.edu.py\/wp-content\/uploads\/2026\/04\/WhatsApp-Image-2026-04-08-at-8.14.29-AM-768x576.jpeg 768w, https:\/\/fcsypunca.edu.py\/wp-content\/uploads\/2026\/04\/WhatsApp-Image-2026-04-08-at-8.14.29-AM-1536x1152.jpeg 1536w, https:\/\/fcsypunca.edu.py\/wp-content\/uploads\/2026\/04\/WhatsApp-Image-2026-04-08-at-8.14.29-AM.jpeg 2048w\" sizes=\"(max-width: 640px) 100vw, 640px\" \/>\t\t\t\t\t\t\t\t\t\t\t\t\t\t\t<\/div>\n\t\t\t\t<\/div>\n\t\t\t\t\t<\/div>\n\t\t<\/div>\n\t\t\t\t\t<\/div>\n\t\t<\/section>\n\t\t\t\t<\/div>\n\t\t","protected":false},"excerpt":{"rendered":"<p>Inicio del A\u00f1o Lectivo 2026 La comunidad educativa de la Facultad de Ciencias Sociales, Pol\u00edticas y Humanidades de la Universidad&#8230;<\/p>\n","protected":false},"author":1,"featured_media":0,"parent":0,"menu_order":0,"comment_status":"closed","ping_status":"closed","template":"","meta":{"footnotes":""},"class_list":["post-6799","page","type-page","status-publish","hentry"],"_links":{"self":[{"href":"https:\/\/fcsypunca.edu.py\/index.php?rest_route=\/wp\/v2\/pages\/6799","targetHints":{"allow":["GET"]}}],"collection":[{"href":"https:\/\/fcsypunca.edu.py\/index.php?rest_route=\/wp\/v2\/pages"}],"about":[{"href":"https:\/\/fcsypunca.edu.py\/index.php?rest_route=\/wp\/v2\/types\/page"}],"author":[{"embeddable":true,"href":"https:\/\/fcsypunca.edu.py\/index.php?rest_route=\/wp\/v2\/users\/1"}],"replies":[{"embeddable":true,"href":"https:\/\/fcsypunca.edu.py\/index.php?rest_route=%2Fwp%2Fv2%2Fcomments&post=6799"}],"version-history":[{"count":4,"href":"https:\/\/fcsypunca.edu.py\/index.php?rest_route=\/wp\/v2\/pages\/6799\/revisions"}],"predecessor-version":[{"id":6811,"href":"https:\/\/fcsypunca.edu.py\/index.php?rest_route=\/wp\/v2\/pages\/6799\/revisions\/6811"}],"wp:attachment":[{"href":"https:\/\/fcsypunca.edu.py\/index.php?rest_route=%2Fwp%2Fv2%2Fmedia&parent=6799"}],"curies":[{"name":"wp","href":"https:\/\/api.w.org\/{rel}","templated":true}]}}