{"id":5961,"date":"2025-07-25T07:21:14","date_gmt":"2025-07-25T11:21:14","guid":{"rendered":"https:\/\/fcsypunca.edu.py\/?page_id=5961"},"modified":"2025-07-25T07:55:19","modified_gmt":"2025-07-25T11:55:19","slug":"internacionalizacion","status":"publish","type":"page","link":"https:\/\/fcsypunca.edu.py\/?page_id=5961","title":{"rendered":"Internacionalizaci\u00f3n"},"content":{"rendered":"\t\t<div data-elementor-type=\"wp-page\" data-elementor-id=\"5961\" class=\"elementor elementor-5961\">\n\t\t\t\t\t\t<section class=\"elementor-section elementor-top-section elementor-element elementor-element-57b7b0f elementor-section-boxed elementor-section-height-default elementor-section-height-default\" data-id=\"57b7b0f\" data-element_type=\"section\">\n\t\t\t\t\t\t<div class=\"elementor-container elementor-column-gap-default\">\n\t\t\t\t\t<div class=\"elementor-column elementor-col-100 elementor-top-column elementor-element elementor-element-e123b06\" data-id=\"e123b06\" data-element_type=\"column\">\n\t\t\t<div class=\"elementor-widget-wrap elementor-element-populated\">\n\t\t\t\t\t\t<div class=\"elementor-element elementor-element-0ea53ed elementor-widget elementor-widget-heading\" data-id=\"0ea53ed\" data-element_type=\"widget\" data-widget_type=\"heading.default\">\n\t\t\t\t<div class=\"elementor-widget-container\">\n\t\t\t\t\t<h2 class=\"elementor-heading-title elementor-size-default\"><u>Movilidad Internacional.<\/u><\/h2>\t\t\t\t<\/div>\n\t\t\t\t<\/div>\n\t\t\t\t\t<\/div>\n\t\t<\/div>\n\t\t\t\t\t<\/div>\n\t\t<\/section>\n\t\t\t\t<section class=\"elementor-section elementor-top-section elementor-element elementor-element-06ec6ad elementor-section-boxed elementor-section-height-default elementor-section-height-default\" data-id=\"06ec6ad\" data-element_type=\"section\">\n\t\t\t\t\t\t<div class=\"elementor-container elementor-column-gap-default\">\n\t\t\t\t\t<div class=\"elementor-column elementor-col-100 elementor-top-column elementor-element elementor-element-113346c\" data-id=\"113346c\" data-element_type=\"column\">\n\t\t\t<div class=\"elementor-widget-wrap elementor-element-populated\">\n\t\t\t\t\t\t<div class=\"elementor-element elementor-element-82e6408 elementor-widget elementor-widget-text-editor\" data-id=\"82e6408\" data-element_type=\"widget\" data-widget_type=\"text-editor.default\">\n\t\t\t\t<div class=\"elementor-widget-container\">\n\t\t\t\t\t\t\t\t\t<h3><span style=\"font-family: 'Open Sans'; font-size: 15px; font-weight: 400;\">Felicitamos a nuestra estudiante y a docentes de la Unidad Acad\u00e9mica, quienes han culminado de manera exitosa el Curso Virtual \u00abLa protecci\u00f3n de los Derechos humanos de los grupos vulnerables seg\u00fan pol\u00edticas externas e internas de la UE\u00bb, que comprende 56 horas, alojadas en la Universidad Estadual Do Norte Do Para (UENP), Brazil, realizado del 18 de marzo al 01 de julio del 2025.<\/span><\/h3><p>Participaron como becarios de la Facultad, la estudiante de la carrera de Derecho, \u00c1ngela Claribel Sanabria y los docentes,\u00a0 Prof. Dr. Manuel Geraldo Saifildin Stanley, Prof. Mag. \u00c1ngel Zen\u00f3n Godoy y la Prof. Abg. Laura Flores.<\/p><p>El curso fue realizado en el marco de la movilidad internacional, dentro del Proyecto Erasmust Jean Monnet.<\/p><p>#fcspyh\u00a0<\/p><p>#UNCA\u00a0<\/p><p>#internacionalizacio\u0301n<\/p>\t\t\t\t\t\t\t\t<\/div>\n\t\t\t\t<\/div>\n\t\t\t\t\t<\/div>\n\t\t<\/div>\n\t\t\t\t\t<\/div>\n\t\t<\/section>\n\t\t\t\t<section class=\"elementor-section elementor-top-section elementor-element elementor-element-cf066a5 elementor-section-boxed elementor-section-height-default elementor-section-height-default\" data-id=\"cf066a5\" data-element_type=\"section\">\n\t\t\t\t\t\t<div class=\"elementor-container elementor-column-gap-default\">\n\t\t\t\t\t<div class=\"elementor-column elementor-col-50 elementor-top-column elementor-element elementor-element-750def6\" data-id=\"750def6\" data-element_type=\"column\">\n\t\t\t<div class=\"elementor-widget-wrap elementor-element-populated\">\n\t\t\t\t\t\t<div class=\"elementor-element elementor-element-ab80f6c elementor-widget elementor-widget-image\" data-id=\"ab80f6c\" data-element_type=\"widget\" data-widget_type=\"image.default\">\n\t\t\t\t<div class=\"elementor-widget-container\">\n\t\t\t\t\t\t\t\t\t\t\t\t\t\t\t<img fetchpriority=\"high\" decoding=\"async\" width=\"640\" height=\"294\" src=\"https:\/\/fcsypunca.edu.py\/wp-content\/uploads\/2025\/07\/WhatsApp-Image-2025-07-25-at-8.52.46-AM-1024x470.jpeg\" class=\"attachment-large size-large wp-image-5966\" alt=\"\" srcset=\"https:\/\/fcsypunca.edu.py\/wp-content\/uploads\/2025\/07\/WhatsApp-Image-2025-07-25-at-8.52.46-AM-1024x470.jpeg 1024w, https:\/\/fcsypunca.edu.py\/wp-content\/uploads\/2025\/07\/WhatsApp-Image-2025-07-25-at-8.52.46-AM-300x138.jpeg 300w, https:\/\/fcsypunca.edu.py\/wp-content\/uploads\/2025\/07\/WhatsApp-Image-2025-07-25-at-8.52.46-AM-768x352.jpeg 768w, https:\/\/fcsypunca.edu.py\/wp-content\/uploads\/2025\/07\/WhatsApp-Image-2025-07-25-at-8.52.46-AM.jpeg 1280w\" sizes=\"(max-width: 640px) 100vw, 640px\" \/>\t\t\t\t\t\t\t\t\t\t\t\t\t\t\t<\/div>\n\t\t\t\t<\/div>\n\t\t\t\t\t<\/div>\n\t\t<\/div>\n\t\t\t\t<div class=\"elementor-column elementor-col-50 elementor-top-column elementor-element elementor-element-6cabfaf\" data-id=\"6cabfaf\" data-element_type=\"column\">\n\t\t\t<div class=\"elementor-widget-wrap elementor-element-populated\">\n\t\t\t\t\t\t<div class=\"elementor-element elementor-element-4599f5b elementor-widget elementor-widget-image\" data-id=\"4599f5b\" data-element_type=\"widget\" data-widget_type=\"image.default\">\n\t\t\t\t<div class=\"elementor-widget-container\">\n\t\t\t\t\t\t\t\t\t\t\t\t\t\t\t<img decoding=\"async\" width=\"640\" height=\"608\" src=\"https:\/\/fcsypunca.edu.py\/wp-content\/uploads\/2025\/07\/WhatsApp-Image-2025-07-25-at-8.35.57-AM.jpeg\" class=\"attachment-large size-large wp-image-5965\" alt=\"\" srcset=\"https:\/\/fcsypunca.edu.py\/wp-content\/uploads\/2025\/07\/WhatsApp-Image-2025-07-25-at-8.35.57-AM.jpeg 945w, https:\/\/fcsypunca.edu.py\/wp-content\/uploads\/2025\/07\/WhatsApp-Image-2025-07-25-at-8.35.57-AM-300x285.jpeg 300w, https:\/\/fcsypunca.edu.py\/wp-content\/uploads\/2025\/07\/WhatsApp-Image-2025-07-25-at-8.35.57-AM-768x730.jpeg 768w\" sizes=\"(max-width: 640px) 100vw, 640px\" \/>\t\t\t\t\t\t\t\t\t\t\t\t\t\t\t<\/div>\n\t\t\t\t<\/div>\n\t\t\t\t\t<\/div>\n\t\t<\/div>\n\t\t\t\t\t<\/div>\n\t\t<\/section>\n\t\t\t\t<\/div>\n\t\t","protected":false},"excerpt":{"rendered":"<p>Movilidad Internacional. Felicitamos a nuestra estudiante y a docentes de la Unidad Acad\u00e9mica, quienes han culminado de manera exitosa el&#8230;<\/p>\n","protected":false},"author":1,"featured_media":0,"parent":0,"menu_order":0,"comment_status":"closed","ping_status":"closed","template":"","meta":{"footnotes":""},"class_list":["post-5961","page","type-page","status-publish","hentry"],"_links":{"self":[{"href":"https:\/\/fcsypunca.edu.py\/index.php?rest_route=\/wp\/v2\/pages\/5961","targetHints":{"allow":["GET"]}}],"collection":[{"href":"https:\/\/fcsypunca.edu.py\/index.php?rest_route=\/wp\/v2\/pages"}],"about":[{"href":"https:\/\/fcsypunca.edu.py\/index.php?rest_route=\/wp\/v2\/types\/page"}],"author":[{"embeddable":true,"href":"https:\/\/fcsypunca.edu.py\/index.php?rest_route=\/wp\/v2\/users\/1"}],"replies":[{"embeddable":true,"href":"https:\/\/fcsypunca.edu.py\/index.php?rest_route=%2Fwp%2Fv2%2Fcomments&post=5961"}],"version-history":[{"count":7,"href":"https:\/\/fcsypunca.edu.py\/index.php?rest_route=\/wp\/v2\/pages\/5961\/revisions"}],"predecessor-version":[{"id":5972,"href":"https:\/\/fcsypunca.edu.py\/index.php?rest_route=\/wp\/v2\/pages\/5961\/revisions\/5972"}],"wp:attachment":[{"href":"https:\/\/fcsypunca.edu.py\/index.php?rest_route=%2Fwp%2Fv2%2Fmedia&parent=5961"}],"curies":[{"name":"wp","href":"https:\/\/api.w.org\/{rel}","templated":true}]}}