{"id":5414,"date":"2024-09-12T18:54:25","date_gmt":"2024-09-12T22:54:25","guid":{"rendered":"https:\/\/fcsypunca.edu.py\/?page_id=5414"},"modified":"2024-09-12T19:06:11","modified_gmt":"2024-09-12T23:06:11","slug":"ods","status":"publish","type":"page","link":"https:\/\/fcsypunca.edu.py\/?page_id=5414","title":{"rendered":"ODS"},"content":{"rendered":"\t\t<div data-elementor-type=\"wp-page\" data-elementor-id=\"5414\" class=\"elementor elementor-5414\">\n\t\t\t\t\t\t<section class=\"elementor-section elementor-top-section elementor-element elementor-element-5c3d39c elementor-section-boxed elementor-section-height-default elementor-section-height-default\" data-id=\"5c3d39c\" data-element_type=\"section\">\n\t\t\t\t\t\t<div class=\"elementor-container elementor-column-gap-default\">\n\t\t\t\t\t<div class=\"elementor-column elementor-col-100 elementor-top-column elementor-element elementor-element-00b17bd\" data-id=\"00b17bd\" data-element_type=\"column\">\n\t\t\t<div class=\"elementor-widget-wrap elementor-element-populated\">\n\t\t\t\t\t\t<div class=\"elementor-element elementor-element-dd12026 elementor-widget elementor-widget-heading\" data-id=\"dd12026\" data-element_type=\"widget\" data-widget_type=\"heading.default\">\n\t\t\t\t<div class=\"elementor-widget-container\">\n\t\t\t\t\t<h2 class=\"elementor-heading-title elementor-size-default\">La Facultad de Ciencias Sociales, Politicas y Humanidades, se alinea para   contribuir con los  Objetivos de Desarrollo Sostenible (ODS), y al Plan Nacional De Desarrollo- Paraguay 2030 de las Naciones Unidas,\na trav\u00e9s de sus tres pilares. Academia, Investigaci\u00f3n y Extensi\u00f3n<\/h2>\t\t\t\t<\/div>\n\t\t\t\t<\/div>\n\t\t\t\t\t<\/div>\n\t\t<\/div>\n\t\t\t\t\t<\/div>\n\t\t<\/section>\n\t\t\t\t<section class=\"elementor-section elementor-top-section elementor-element elementor-element-516454c elementor-section-boxed elementor-section-height-default elementor-section-height-default\" data-id=\"516454c\" data-element_type=\"section\">\n\t\t\t\t\t\t<div class=\"elementor-container elementor-column-gap-default\">\n\t\t\t\t\t<div class=\"elementor-column elementor-col-100 elementor-top-column elementor-element elementor-element-daa24ea\" data-id=\"daa24ea\" data-element_type=\"column\">\n\t\t\t<div class=\"elementor-widget-wrap elementor-element-populated\">\n\t\t\t\t\t\t<div class=\"elementor-element elementor-element-9dbb94f elementor-widget elementor-widget-image\" data-id=\"9dbb94f\" data-element_type=\"widget\" data-widget_type=\"image.default\">\n\t\t\t\t<div class=\"elementor-widget-container\">\n\t\t\t\t\t\t\t\t\t\t\t\t\t\t\t<img fetchpriority=\"high\" decoding=\"async\" width=\"413\" height=\"579\" src=\"https:\/\/fcsypunca.edu.py\/wp-content\/uploads\/2024\/09\/WhatsApp-Image-2024-09-11-at-9.16.22-AM.jpeg\" class=\"attachment-large size-large wp-image-5420\" alt=\"\" srcset=\"https:\/\/fcsypunca.edu.py\/wp-content\/uploads\/2024\/09\/WhatsApp-Image-2024-09-11-at-9.16.22-AM.jpeg 413w, https:\/\/fcsypunca.edu.py\/wp-content\/uploads\/2024\/09\/WhatsApp-Image-2024-09-11-at-9.16.22-AM-214x300.jpeg 214w\" sizes=\"(max-width: 413px) 100vw, 413px\" \/>\t\t\t\t\t\t\t\t\t\t\t\t\t\t\t<\/div>\n\t\t\t\t<\/div>\n\t\t\t\t\t<\/div>\n\t\t<\/div>\n\t\t\t\t\t<\/div>\n\t\t<\/section>\n\t\t\t\t<\/div>\n\t\t","protected":false},"excerpt":{"rendered":"<p>La Facultad de Ciencias Sociales, Politicas y Humanidades, se alinea para contribuir con los Objetivos de Desarrollo Sostenible (ODS), y&#8230;<\/p>\n","protected":false},"author":1,"featured_media":0,"parent":0,"menu_order":0,"comment_status":"closed","ping_status":"closed","template":"","meta":{"footnotes":""},"class_list":["post-5414","page","type-page","status-publish","hentry"],"_links":{"self":[{"href":"https:\/\/fcsypunca.edu.py\/index.php?rest_route=\/wp\/v2\/pages\/5414","targetHints":{"allow":["GET"]}}],"collection":[{"href":"https:\/\/fcsypunca.edu.py\/index.php?rest_route=\/wp\/v2\/pages"}],"about":[{"href":"https:\/\/fcsypunca.edu.py\/index.php?rest_route=\/wp\/v2\/types\/page"}],"author":[{"embeddable":true,"href":"https:\/\/fcsypunca.edu.py\/index.php?rest_route=\/wp\/v2\/users\/1"}],"replies":[{"embeddable":true,"href":"https:\/\/fcsypunca.edu.py\/index.php?rest_route=%2Fwp%2Fv2%2Fcomments&post=5414"}],"version-history":[{"count":7,"href":"https:\/\/fcsypunca.edu.py\/index.php?rest_route=\/wp\/v2\/pages\/5414\/revisions"}],"predecessor-version":[{"id":5423,"href":"https:\/\/fcsypunca.edu.py\/index.php?rest_route=\/wp\/v2\/pages\/5414\/revisions\/5423"}],"wp:attachment":[{"href":"https:\/\/fcsypunca.edu.py\/index.php?rest_route=%2Fwp%2Fv2%2Fmedia&parent=5414"}],"curies":[{"name":"wp","href":"https:\/\/api.w.org\/{rel}","templated":true}]}}