{"id":5068,"date":"2024-07-18T19:17:11","date_gmt":"2024-07-18T23:17:11","guid":{"rendered":"https:\/\/fcsypunca.edu.py\/?page_id=5068"},"modified":"2024-07-18T19:44:23","modified_gmt":"2024-07-18T23:44:23","slug":"consultorio-juridico","status":"publish","type":"page","link":"https:\/\/fcsypunca.edu.py\/?page_id=5068","title":{"rendered":"Consultorio Jur\u00eddico"},"content":{"rendered":"\t\t<div data-elementor-type=\"wp-page\" data-elementor-id=\"5068\" class=\"elementor elementor-5068\">\n\t\t\t\t\t\t<section class=\"elementor-section elementor-top-section elementor-element elementor-element-15ce4a3 elementor-section-boxed elementor-section-height-default elementor-section-height-default\" data-id=\"15ce4a3\" data-element_type=\"section\">\n\t\t\t\t\t\t<div class=\"elementor-container elementor-column-gap-default\">\n\t\t\t\t\t<div class=\"elementor-column elementor-col-100 elementor-top-column elementor-element elementor-element-e34d2a4\" data-id=\"e34d2a4\" data-element_type=\"column\">\n\t\t\t<div class=\"elementor-widget-wrap elementor-element-populated\">\n\t\t\t\t\t\t<div class=\"elementor-element elementor-element-f9484ac elementor-widget elementor-widget-heading\" data-id=\"f9484ac\" data-element_type=\"widget\" data-widget_type=\"heading.default\">\n\t\t\t\t<div class=\"elementor-widget-container\">\n\t\t\t\t\t<h2 class=\"elementor-heading-title elementor-size-default\">Consultorio Jur\u00eddico de la FCSPyH UNCA<\/h2>\t\t\t\t<\/div>\n\t\t\t\t<\/div>\n\t\t\t\t\t<\/div>\n\t\t<\/div>\n\t\t\t\t\t<\/div>\n\t\t<\/section>\n\t\t\t\t<section class=\"elementor-section elementor-top-section elementor-element elementor-element-4f79e19 elementor-section-boxed elementor-section-height-default elementor-section-height-default\" data-id=\"4f79e19\" data-element_type=\"section\">\n\t\t\t\t\t\t<div class=\"elementor-container elementor-column-gap-default\">\n\t\t\t\t\t<div class=\"elementor-column elementor-col-100 elementor-top-column elementor-element elementor-element-7007673\" data-id=\"7007673\" data-element_type=\"column\">\n\t\t\t<div class=\"elementor-widget-wrap elementor-element-populated\">\n\t\t\t\t\t\t<div class=\"elementor-element elementor-element-cd81d7b elementor-widget elementor-widget-text-editor\" data-id=\"cd81d7b\" data-element_type=\"widget\" data-widget_type=\"text-editor.default\">\n\t\t\t\t<div class=\"elementor-widget-container\">\n\t\t\t\t\t\t\t\t\t<p><span style=\"color: #ff0000;\"><strong><u>OBJETIVOS\u00a0<\/u><\/strong><\/span><\/p><p>\u00a0\u00a0\u00a0\u00a0\u00a0\u00a0 \u00a0\u00a0El Consultorio Jur\u00eddico es un espacio de aprendizaje pr\u00e1ctico dise\u00f1ado para proveer al estudiante de los \u00faltimos a\u00f1os de t\u00e9cnicas y habilidades suficientes para desarrollar su actividad normal como profesional abogado, una vez que egrese.<\/p><p>\u00a0\u00a0\u00a0\u00a0\u00a0\u00a0\u00a0\u00a0\u00a0 Las clases consisten en actividades tendientes a dar una salida real y efectiva a los casos que son elaborados por el Docente, de entre los m\u00faltiples que se tienen la sociedad en el marco de las relaciones intersubjetivas propias de la convivencia social, con el prop\u00f3sito de generar razonamiento cr\u00edtico y jur\u00eddico del futuro abogado. \u00a0<\/p><p>\u00a0\u00a0\u00a0\u00a0\u00a0\u00a0\u00a0\u00a0\u00a0\u00a0 El Consultorio Jur\u00eddico, por ende, se convierte en herramienta de pr\u00e1ctica pedag\u00f3gica a los estudiantes de los \u00faltimos dos (02) a\u00f1os de la carrera de Derecho para proveerlos de competencias cognitivas, investigativas, interpretativas y comunicativas, orientados a una proyecci\u00f3n social mediante la prestaci\u00f3n de servicios de alta calidad a las comunidades en situaci\u00f3n vulnerabilidad que lo solicitan, por medio de recomendaciones jur\u00eddicas o capacitaciones, lo que es ejecutado por los alumnos, siempre orientados por el docente.<\/p><p><span style=\"color: #ff0000;\"><strong><u>\u00a0<\/u><\/strong><strong><u>SERVICIOS QUE OFRECE<\/u><\/strong><\/span><\/p><p>El Consultorio Jur\u00eddico realiza asistencia jur\u00eddica integral a personas en situaci\u00f3n de vulnerabilidad, espec\u00edficamente, juicios vinculados a las documentaciones personales como ser: rectificaci\u00f3n de instrumentos p\u00fablicos (acta y certificados de nacimientos, cedulas de identidad, entre otros), juicios vinculados al fuero de la ni\u00f1ez y la adolescencia (reconocimientos de filiaci\u00f3n, asistencia alimenticia, guardas provisoras, r\u00e9gimen de convivencia y relacionamiento.<\/p><p><span style=\"color: #ff0000;\"><strong><u>HORARIOS DE ATENCI\u00d3N<\/u><\/strong><\/span><\/p><p>Se encuentra abierto de lunes a viernes, desde las 07:00 hasta las 15:00 horas<\/p>\t\t\t\t\t\t\t\t<\/div>\n\t\t\t\t<\/div>\n\t\t\t\t\t<\/div>\n\t\t<\/div>\n\t\t\t\t\t<\/div>\n\t\t<\/section>\n\t\t\t\t<\/div>\n\t\t","protected":false},"excerpt":{"rendered":"<p>Consultorio Jur\u00eddico de la FCSPyH UNCA OBJETIVOS\u00a0 \u00a0\u00a0\u00a0\u00a0\u00a0\u00a0 \u00a0\u00a0El Consultorio Jur\u00eddico es un espacio de aprendizaje pr\u00e1ctico dise\u00f1ado para proveer&#8230;<\/p>\n","protected":false},"author":1,"featured_media":0,"parent":0,"menu_order":0,"comment_status":"closed","ping_status":"closed","template":"","meta":{"footnotes":""},"class_list":["post-5068","page","type-page","status-publish","hentry"],"_links":{"self":[{"href":"https:\/\/fcsypunca.edu.py\/index.php?rest_route=\/wp\/v2\/pages\/5068","targetHints":{"allow":["GET"]}}],"collection":[{"href":"https:\/\/fcsypunca.edu.py\/index.php?rest_route=\/wp\/v2\/pages"}],"about":[{"href":"https:\/\/fcsypunca.edu.py\/index.php?rest_route=\/wp\/v2\/types\/page"}],"author":[{"embeddable":true,"href":"https:\/\/fcsypunca.edu.py\/index.php?rest_route=\/wp\/v2\/users\/1"}],"replies":[{"embeddable":true,"href":"https:\/\/fcsypunca.edu.py\/index.php?rest_route=%2Fwp%2Fv2%2Fcomments&post=5068"}],"version-history":[{"count":4,"href":"https:\/\/fcsypunca.edu.py\/index.php?rest_route=\/wp\/v2\/pages\/5068\/revisions"}],"predecessor-version":[{"id":5073,"href":"https:\/\/fcsypunca.edu.py\/index.php?rest_route=\/wp\/v2\/pages\/5068\/revisions\/5073"}],"wp:attachment":[{"href":"https:\/\/fcsypunca.edu.py\/index.php?rest_route=%2Fwp%2Fv2%2Fmedia&parent=5068"}],"curies":[{"name":"wp","href":"https:\/\/api.w.org\/{rel}","templated":true}]}}