{"id":3123,"date":"2022-09-06T16:30:33","date_gmt":"2022-09-06T16:30:33","guid":{"rendered":"https:\/\/fcsypunca.edu.py\/?page_id=3123"},"modified":"2024-09-18T19:49:54","modified_gmt":"2024-09-18T23:49:54","slug":"programa-investigacion","status":"publish","type":"page","link":"https:\/\/fcsypunca.edu.py\/?page_id=3123","title":{"rendered":"Programa Investiga"},"content":{"rendered":"\t\t<div data-elementor-type=\"wp-page\" data-elementor-id=\"3123\" class=\"elementor elementor-3123\">\n\t\t\t\t\t\t<section class=\"elementor-section elementor-top-section elementor-element elementor-element-5c8da29 elementor-section-boxed elementor-section-height-default elementor-section-height-default\" data-id=\"5c8da29\" data-element_type=\"section\">\n\t\t\t\t\t\t<div class=\"elementor-container elementor-column-gap-default\">\n\t\t\t\t\t<div class=\"elementor-column elementor-col-100 elementor-top-column elementor-element elementor-element-84a53a3\" data-id=\"84a53a3\" data-element_type=\"column\">\n\t\t\t<div class=\"elementor-widget-wrap elementor-element-populated\">\n\t\t\t\t\t\t<div class=\"elementor-element elementor-element-f5228b4 elementor-widget elementor-widget-heading\" data-id=\"f5228b4\" data-element_type=\"widget\" data-widget_type=\"heading.default\">\n\t\t\t\t<div class=\"elementor-widget-container\">\n\t\t\t\t\t<h2 class=\"elementor-heading-title elementor-size-default\">HORAS CR\u00c9DITO EN INVESTIGACI\u00d3N<\/h2>\t\t\t\t<\/div>\n\t\t\t\t<\/div>\n\t\t\t\t\t<\/div>\n\t\t<\/div>\n\t\t\t\t\t<\/div>\n\t\t<\/section>\n\t\t\t\t<section class=\"elementor-section elementor-top-section elementor-element elementor-element-6a50657 elementor-section-boxed elementor-section-height-default elementor-section-height-default\" data-id=\"6a50657\" data-element_type=\"section\">\n\t\t\t\t\t\t<div class=\"elementor-container elementor-column-gap-default\">\n\t\t\t\t\t<div class=\"elementor-column elementor-col-100 elementor-top-column elementor-element elementor-element-bdf0bd3\" data-id=\"bdf0bd3\" data-element_type=\"column\">\n\t\t\t<div class=\"elementor-widget-wrap elementor-element-populated\">\n\t\t\t\t\t\t<div class=\"elementor-element elementor-element-1b069cd elementor-widget elementor-widget-heading\" data-id=\"1b069cd\" data-element_type=\"widget\" data-widget_type=\"heading.default\">\n\t\t\t\t<div class=\"elementor-widget-container\">\n\t\t\t\t\t<h2 class=\"elementor-heading-title elementor-size-default\">\nLa Facultad de Ciencias Sociales, Pol\u00edticas y Humanidades, para la construcci\u00f3n de una cultura investigativa ha constituido la Investigaci\u00f3n como uno de los pilares institucionales misionales.\nEste aspecto, fue incluido como uno de los requisitos de egreso, cumpliendo con el m\u00ednimo de horas cr\u00e9dito en Investigaci\u00f3n, de conformidad a lo dispuesto en el Reglamento General de Investigaci\u00f3n, que establece: \"Todos los estudiantes matriculados en la Universidad Nacional de Caaguaz\u00fa, deber\u00e1n cumplir con el requisito establecido en horas de Investigaci\u00f3n para su graduaci\u00f3n.\u201d, asimismo: \u201cLas horas de investigaci\u00f3n ser\u00e1n de 40 (cuarenta) horas cr\u00e9ditos por semestre hasta totalizar 200 horas cr\u00e9ditos como m\u00ednimo\u201d.\n<\/h2>\t\t\t\t<\/div>\n\t\t\t\t<\/div>\n\t\t\t\t\t<\/div>\n\t\t<\/div>\n\t\t\t\t\t<\/div>\n\t\t<\/section>\n\t\t\t\t<\/div>\n\t\t","protected":false},"excerpt":{"rendered":"<p>HORAS CR\u00c9DITO EN INVESTIGACI\u00d3N La Facultad de Ciencias Sociales, Pol\u00edticas y Humanidades, para la construcci\u00f3n de una cultura investigativa ha&#8230;<\/p>\n","protected":false},"author":1,"featured_media":0,"parent":0,"menu_order":0,"comment_status":"closed","ping_status":"closed","template":"","meta":{"footnotes":""},"class_list":["post-3123","page","type-page","status-publish","hentry"],"_links":{"self":[{"href":"https:\/\/fcsypunca.edu.py\/index.php?rest_route=\/wp\/v2\/pages\/3123","targetHints":{"allow":["GET"]}}],"collection":[{"href":"https:\/\/fcsypunca.edu.py\/index.php?rest_route=\/wp\/v2\/pages"}],"about":[{"href":"https:\/\/fcsypunca.edu.py\/index.php?rest_route=\/wp\/v2\/types\/page"}],"author":[{"embeddable":true,"href":"https:\/\/fcsypunca.edu.py\/index.php?rest_route=\/wp\/v2\/users\/1"}],"replies":[{"embeddable":true,"href":"https:\/\/fcsypunca.edu.py\/index.php?rest_route=%2Fwp%2Fv2%2Fcomments&post=3123"}],"version-history":[{"count":38,"href":"https:\/\/fcsypunca.edu.py\/index.php?rest_route=\/wp\/v2\/pages\/3123\/revisions"}],"predecessor-version":[{"id":5534,"href":"https:\/\/fcsypunca.edu.py\/index.php?rest_route=\/wp\/v2\/pages\/3123\/revisions\/5534"}],"wp:attachment":[{"href":"https:\/\/fcsypunca.edu.py\/index.php?rest_route=%2Fwp%2Fv2%2Fmedia&parent=3123"}],"curies":[{"name":"wp","href":"https:\/\/api.w.org\/{rel}","templated":true}]}}