{"id":1540,"date":"2021-10-17T15:02:34","date_gmt":"2021-10-17T15:02:34","guid":{"rendered":"https:\/\/fcsypunca.edu.py\/?page_id=1540"},"modified":"2023-06-13T16:47:39","modified_gmt":"2023-06-13T16:47:39","slug":"noticias","status":"publish","type":"page","link":"https:\/\/fcsypunca.edu.py\/?page_id=1540","title":{"rendered":"Noticias"},"content":{"rendered":"\t\t<div data-elementor-type=\"wp-page\" data-elementor-id=\"1540\" class=\"elementor elementor-1540\">\n\t\t\t\t\t\t<article class=\"elementor-section elementor-top-section elementor-element elementor-element-876f33f elementor-section-stretched elementor-section-boxed elementor-section-height-default elementor-section-height-default\" data-id=\"876f33f\" data-element_type=\"section\" data-settings=\"{&quot;stretch_section&quot;:&quot;section-stretched&quot;}\">\n\t\t\t\t\t\t<div class=\"elementor-container elementor-column-gap-default\">\n\t\t\t\t\t<div class=\"elementor-column elementor-col-100 elementor-top-column elementor-element elementor-element-e445950\" data-id=\"e445950\" data-element_type=\"column\">\n\t\t\t<div class=\"elementor-widget-wrap elementor-element-populated\">\n\t\t\t\t\t\t<div class=\"elementor-element elementor-element-136d5af elementor-widget elementor-widget-heading\" data-id=\"136d5af\" data-element_type=\"widget\" data-widget_type=\"heading.default\">\n\t\t\t\t<div class=\"elementor-widget-container\">\n\t\t\t\t\t<h2 class=\"elementor-heading-title elementor-size-default\">Noticias Principales<\/h2>\t\t\t\t<\/div>\n\t\t\t\t<\/div>\n\t\t\t\t<div class=\"elementor-element elementor-element-d2fd12f elementor-widget elementor-widget-prim_basic_blog\" data-id=\"d2fd12f\" data-element_type=\"widget\" data-widget_type=\"prim_basic_blog.default\">\n\t\t\t\t<div class=\"elementor-widget-container\">\n\t\t\t\t\t\t\t<div class=\"napae-blog-wrap napae-blog-style-two\">\n\t\t\t\t\t\t<div class=\"nich-row\">\n\t\t\t\n\t\t\t\t\t\t\t\t\t\t<div class=\"nich-col-md-12\">\n\t\t\t\t\t\t\t\t\t\t\t<div class=\"napae-blog-item\">\n\t            \t\t\t\t\t\t\t  <div class=\"napae-image\">\n\t\t\t\t\t\t\t    <a href=\"https:\/\/fcsypunca.edu.py\/?p=6830\"><img decoding=\"async\" src=\"https:\/\/fcsypunca.edu.py\/wp-content\/uploads\/2026\/04\/WhatsApp-Image-2026-04-14-at-11.13.41-AM.jpeg\" alt=\"Reuni\u00f3n del Comit\u00e9 de \u00c9tica Institucional\"><\/a>\n\t\t\t\t\t\t\t  <\/div>\n\t\t\t\t\t\t\t\t            <div class=\"napae-blog-info\">\n\t              <h4 class=\"napae-blog-title\"><a href=\"https:\/\/fcsypunca.edu.py\/?p=6830\">Reuni\u00f3n del Comit\u00e9 de \u00c9tica Institucional<\/a><\/h4>\n\t              <ul>\n\t                <li><i class=\"fa fa-clock-o\"><\/i> 14 de abril de 2026<\/li>\t                \t              <\/ul>\n\t              <p>En la fecha, se llev\u00f3 a cabo la reuni\u00f3n del Comit\u00e9 de \u00c9tica, en la cual se abordaron temas relacionados&#8230;<\/p>\n\t\t\t  \t\t\t\t<a href=\"https:\/\/fcsypunca.edu.py\/?p=6830\" class=\"napae-link\"><span>Leer m\u00e1s<\/span> <i class=\"fa fa-arrow-right\"><\/i><\/a>\n\t            <\/div>\n\t          <\/div>\n\t\t\t\t\t\t\t\t\t<\/div>\n\t\t\t\t\t\t\t\t\t\t<div class=\"nich-col-md-12\">\n\t\t\t\t\t\t\t\t\t\t\t<div class=\"napae-blog-item\">\n\t            \t\t\t\t\t\t\t  <div class=\"napae-image\">\n\t\t\t\t\t\t\t    <a href=\"https:\/\/fcsypunca.edu.py\/?p=6826\"><img decoding=\"async\" src=\"https:\/\/fcsypunca.edu.py\/wp-content\/uploads\/2026\/04\/WhatsApp-Image-2026-04-14-at-2.29.59-PM.jpeg\" alt=\"El Comit\u00e9 de Control Interno llev\u00f3 a cabo la revisi\u00f3n de las Pol\u00edticas de Control Interno \u2013 Versi\u00f3n III, en el marco del Sistema de Control Interno MECIP:2015.\"><\/a>\n\t\t\t\t\t\t\t  <\/div>\n\t\t\t\t\t\t\t\t            <div class=\"napae-blog-info\">\n\t              <h4 class=\"napae-blog-title\"><a href=\"https:\/\/fcsypunca.edu.py\/?p=6826\">El Comit\u00e9 de Control Interno llev\u00f3 a cabo la revisi\u00f3n de las Pol\u00edticas de Control Interno \u2013 Versi\u00f3n III, en el marco del Sistema de Control Interno MECIP:2015.<\/a><\/h4>\n\t              <ul>\n\t                <li><i class=\"fa fa-clock-o\"><\/i> 14 de abril de 2026<\/li>\t                \t              <\/ul>\n\t              <p>Este proceso forma parte de nuestro compromiso con la mejora continua, el fortalecimiento de la gesti\u00f3n institucional y el cumplimiento&#8230;<\/p>\n\t\t\t  \t\t\t\t<a href=\"https:\/\/fcsypunca.edu.py\/?p=6826\" class=\"napae-link\"><span>Leer m\u00e1s<\/span> <i class=\"fa fa-arrow-right\"><\/i><\/a>\n\t            <\/div>\n\t          <\/div>\n\t\t\t\t\t\t\t\t\t<\/div>\n\t\t\t\t\t\t\t\t\t\t<div class=\"nich-col-md-12\">\n\t\t\t\t\t\t\t\t\t\t\t<div class=\"napae-blog-item\">\n\t            \t\t\t\t\t\t\t  <div class=\"napae-image\">\n\t\t\t\t\t\t\t    <a href=\"https:\/\/fcsypunca.edu.py\/?p=6768\"><img decoding=\"async\" src=\"https:\/\/fcsypunca.edu.py\/wp-content\/uploads\/2026\/03\/DSC_2505-scaled.jpg\" alt=\"Segunda Jornada de Capacitaci\u00f3n sobre el C\u00f3digo de Buen Gobierno\"><\/a>\n\t\t\t\t\t\t\t  <\/div>\n\t\t\t\t\t\t\t\t            <div class=\"napae-blog-info\">\n\t              <h4 class=\"napae-blog-title\"><a href=\"https:\/\/fcsypunca.edu.py\/?p=6768\">Segunda Jornada de Capacitaci\u00f3n sobre el C\u00f3digo de Buen Gobierno<\/a><\/h4>\n\t              <ul>\n\t                <li><i class=\"fa fa-clock-o\"><\/i> 25 de marzo de 2026<\/li>\t                \t              <\/ul>\n\t              <p>En la fecha de hoy, se llev\u00f3 a cabo la segunda jornada de socializaci\u00f3n y sensibilizaci\u00f3n del C\u00f3digo de Buen&#8230;<\/p>\n\t\t\t  \t\t\t\t<a href=\"https:\/\/fcsypunca.edu.py\/?p=6768\" class=\"napae-link\"><span>Leer m\u00e1s<\/span> <i class=\"fa fa-arrow-right\"><\/i><\/a>\n\t            <\/div>\n\t          <\/div>\n\t\t\t\t\t\t\t\t\t<\/div>\n\t\t\t\t\t\t\t\t\t\t<div class=\"nich-col-md-12\">\n\t\t\t\t\t\t\t\t\t\t\t<div class=\"napae-blog-item\">\n\t            \t\t\t\t\t\t\t  <div class=\"napae-image\">\n\t\t\t\t\t\t\t    <a href=\"https:\/\/fcsypunca.edu.py\/?p=6764\"><img decoding=\"async\" src=\"https:\/\/fcsypunca.edu.py\/wp-content\/uploads\/2026\/03\/WhatsApp-Image-2026-03-24-at-3.18.37-PM.jpeg\" alt=\"Acto de Rendici\u00f3n de Cuentas de la Facultad de Ciencias Sociales, Pol\u00edticas y Humanidades\"><\/a>\n\t\t\t\t\t\t\t  <\/div>\n\t\t\t\t\t\t\t\t            <div class=\"napae-blog-info\">\n\t              <h4 class=\"napae-blog-title\"><a href=\"https:\/\/fcsypunca.edu.py\/?p=6764\">Acto de Rendici\u00f3n de Cuentas de la Facultad de Ciencias Sociales, Pol\u00edticas y Humanidades<\/a><\/h4>\n\t              <ul>\n\t                <li><i class=\"fa fa-clock-o\"><\/i> 24 de marzo de 2026<\/li>\t                \t              <\/ul>\n\t              <p>Se cursa cordial invitaci\u00f3n al Acto de Rendici\u00f3n de Cuentas del Ejercicio Fiscal 2025, a materializarse en fecha 27 de&#8230;<\/p>\n\t\t\t  \t\t\t\t<a href=\"https:\/\/fcsypunca.edu.py\/?p=6764\" class=\"napae-link\"><span>Leer m\u00e1s<\/span> <i class=\"fa fa-arrow-right\"><\/i><\/a>\n\t            <\/div>\n\t          <\/div>\n\t\t\t\t\t\t\t\t\t<\/div>\n\t\t\t\t\t\t\t\t\t\t<div class=\"nich-col-md-12\">\n\t\t\t\t\t\t\t\t\t\t\t<div class=\"napae-blog-item\">\n\t            \t\t\t\t\t\t\t  <div class=\"napae-image\">\n\t\t\t\t\t\t\t    <a href=\"https:\/\/fcsypunca.edu.py\/?p=6746\"><img decoding=\"async\" src=\"https:\/\/fcsypunca.edu.py\/wp-content\/uploads\/2026\/03\/WhatsApp-Image-2026-03-20-at-11.49.18-AM.jpeg\" alt=\"Avanzan mesas de trabajo para la presentaci\u00f3n de la Gesti\u00f3n Institucional \u2013 Rendici\u00f3n de Cuentas al Ciudadano 2025\"><\/a>\n\t\t\t\t\t\t\t  <\/div>\n\t\t\t\t\t\t\t\t            <div class=\"napae-blog-info\">\n\t              <h4 class=\"napae-blog-title\"><a href=\"https:\/\/fcsypunca.edu.py\/?p=6746\">Avanzan mesas de trabajo para la presentaci\u00f3n de la Gesti\u00f3n Institucional \u2013 Rendici\u00f3n de Cuentas al Ciudadano 2025<\/a><\/h4>\n\t              <ul>\n\t                <li><i class=\"fa fa-clock-o\"><\/i> 20 de marzo de 2026<\/li>\t                \t              <\/ul>\n\t              <p>La Facultad de Ciencias Sociales, Pol\u00edticas y Humanidades (FCSPyH) llev\u00f3 a cabo una serie de mesas de trabajo con la&#8230;<\/p>\n\t\t\t  \t\t\t\t<a href=\"https:\/\/fcsypunca.edu.py\/?p=6746\" class=\"napae-link\"><span>Leer m\u00e1s<\/span> <i class=\"fa fa-arrow-right\"><\/i><\/a>\n\t            <\/div>\n\t          <\/div>\n\t\t\t\t\t\t\t\t\t<\/div>\n\t\t\t\t\t\t<\/div>\n\t\t        <div class=\"napae-pagination\">\n        <ul class='page-numbers'>\n\t<li><span aria-current=\"page\" class=\"page-numbers current\">1<\/span><\/li>\n\t<li><a class=\"page-numbers\" href=\"https:\/\/fcsypunca.edu.py\/index.php?rest_route=%2Fwp%2Fv2%2Fpages%2F1540&#038;paged=2\">2<\/a><\/li>\n\t<li><a class=\"page-numbers\" href=\"https:\/\/fcsypunca.edu.py\/index.php?rest_route=%2Fwp%2Fv2%2Fpages%2F1540&#038;paged=3\">3<\/a><\/li>\n\t<li><span class=\"page-numbers dots\">&hellip;<\/span><\/li>\n\t<li><a class=\"page-numbers\" href=\"https:\/\/fcsypunca.edu.py\/index.php?rest_route=%2Fwp%2Fv2%2Fpages%2F1540&#038;paged=22\">22<\/a><\/li>\n\t<li><a class=\"next page-numbers\" href=\"https:\/\/fcsypunca.edu.py\/index.php?rest_route=%2Fwp%2Fv2%2Fpages%2F1540&#038;paged=2\"><i class=\"fa fa-angle-double-right\" aria-hidden=\"true\"><\/i><\/a><\/li>\n<\/ul>\n      <\/div>\n    \t\t<\/div>\n\t  \t\t\t\t<\/div>\n\t\t\t\t<\/div>\n\t\t\t\t\t<\/div>\n\t\t<\/div>\n\t\t\t\t\t<\/div>\n\t\t<\/article>\n\t\t\t\t<\/div>\n\t\t","protected":false},"excerpt":{"rendered":"<p>Noticias Principales Charla \u00abLiderazgo Estrat\u00e9gico Positivo\u00bb 5 de junio de 2023 Se cursa cordial invitaci\u00f3n a la comunidad educativa y&#8230;<\/p>\n","protected":false},"author":1,"featured_media":0,"parent":0,"menu_order":0,"comment_status":"closed","ping_status":"closed","template":"","meta":{"footnotes":""},"class_list":["post-1540","page","type-page","status-publish","hentry"],"_links":{"self":[{"href":"https:\/\/fcsypunca.edu.py\/index.php?rest_route=\/wp\/v2\/pages\/1540","targetHints":{"allow":["GET"]}}],"collection":[{"href":"https:\/\/fcsypunca.edu.py\/index.php?rest_route=\/wp\/v2\/pages"}],"about":[{"href":"https:\/\/fcsypunca.edu.py\/index.php?rest_route=\/wp\/v2\/types\/page"}],"author":[{"embeddable":true,"href":"https:\/\/fcsypunca.edu.py\/index.php?rest_route=\/wp\/v2\/users\/1"}],"replies":[{"embeddable":true,"href":"https:\/\/fcsypunca.edu.py\/index.php?rest_route=%2Fwp%2Fv2%2Fcomments&post=1540"}],"version-history":[{"count":13,"href":"https:\/\/fcsypunca.edu.py\/index.php?rest_route=\/wp\/v2\/pages\/1540\/revisions"}],"predecessor-version":[{"id":4043,"href":"https:\/\/fcsypunca.edu.py\/index.php?rest_route=\/wp\/v2\/pages\/1540\/revisions\/4043"}],"wp:attachment":[{"href":"https:\/\/fcsypunca.edu.py\/index.php?rest_route=%2Fwp%2Fv2%2Fmedia&parent=1540"}],"curies":[{"name":"wp","href":"https:\/\/api.w.org\/{rel}","templated":true}]}}