{"id":1383,"date":"2021-10-11T18:53:33","date_gmt":"2021-10-11T18:53:33","guid":{"rendered":"https:\/\/fcsypunca.edu.py\/?page_id=1383"},"modified":"2026-03-04T14:39:22","modified_gmt":"2026-03-04T17:39:22","slug":"mecip","status":"publish","type":"page","link":"https:\/\/fcsypunca.edu.py\/?page_id=1383","title":{"rendered":"MECIP"},"content":{"rendered":"\t\t<div data-elementor-type=\"wp-page\" data-elementor-id=\"1383\" class=\"elementor elementor-1383\">\n\t\t\t\t\t\t<section class=\"elementor-section elementor-top-section elementor-element elementor-element-3854a96 elementor-section-boxed elementor-section-height-default elementor-section-height-default\" data-id=\"3854a96\" data-element_type=\"section\">\n\t\t\t\t\t\t<div class=\"elementor-container elementor-column-gap-default\">\n\t\t\t\t\t<div class=\"elementor-column elementor-col-100 elementor-top-column elementor-element elementor-element-062658f\" data-id=\"062658f\" data-element_type=\"column\">\n\t\t\t<div class=\"elementor-widget-wrap elementor-element-populated\">\n\t\t\t\t\t\t<div class=\"elementor-element elementor-element-c59fc9d elementor-widget elementor-widget-image\" data-id=\"c59fc9d\" data-element_type=\"widget\" data-widget_type=\"image.default\">\n\t\t\t\t<div class=\"elementor-widget-container\">\n\t\t\t\t\t\t\t\t\t\t\t\t\t\t\t<img fetchpriority=\"high\" decoding=\"async\" width=\"640\" height=\"212\" src=\"https:\/\/fcsypunca.edu.py\/wp-content\/uploads\/2026\/03\/WhatsApp-Image-2026-03-04-at-2.36.20-PM-1024x339.jpeg\" class=\"attachment-large size-large wp-image-6659\" alt=\"\" srcset=\"https:\/\/fcsypunca.edu.py\/wp-content\/uploads\/2026\/03\/WhatsApp-Image-2026-03-04-at-2.36.20-PM-1024x339.jpeg 1024w, https:\/\/fcsypunca.edu.py\/wp-content\/uploads\/2026\/03\/WhatsApp-Image-2026-03-04-at-2.36.20-PM-300x99.jpeg 300w, https:\/\/fcsypunca.edu.py\/wp-content\/uploads\/2026\/03\/WhatsApp-Image-2026-03-04-at-2.36.20-PM-768x254.jpeg 768w, https:\/\/fcsypunca.edu.py\/wp-content\/uploads\/2026\/03\/WhatsApp-Image-2026-03-04-at-2.36.20-PM-1536x509.jpeg 1536w, https:\/\/fcsypunca.edu.py\/wp-content\/uploads\/2026\/03\/WhatsApp-Image-2026-03-04-at-2.36.20-PM.jpeg 1600w\" sizes=\"(max-width: 640px) 100vw, 640px\" \/>\t\t\t\t\t\t\t\t\t\t\t\t\t\t\t<\/div>\n\t\t\t\t<\/div>\n\t\t\t\t\t<\/div>\n\t\t<\/div>\n\t\t\t\t\t<\/div>\n\t\t<\/section>\n\t\t\t\t<section class=\"elementor-section elementor-top-section elementor-element elementor-element-6792af96 elementor-section-boxed elementor-section-height-default elementor-section-height-default\" data-id=\"6792af96\" data-element_type=\"section\">\n\t\t\t\t\t\t<div class=\"elementor-container elementor-column-gap-default\">\n\t\t\t\t\t<div class=\"elementor-column elementor-col-100 elementor-top-column elementor-element elementor-element-16db750e\" data-id=\"16db750e\" data-element_type=\"column\">\n\t\t\t<div class=\"elementor-widget-wrap elementor-element-populated\">\n\t\t\t\t\t\t<div class=\"elementor-element elementor-element-4cb327ac elementor-widget elementor-widget-text-editor\" data-id=\"4cb327ac\" data-element_type=\"widget\" data-widget_type=\"text-editor.default\">\n\t\t\t\t<div class=\"elementor-widget-container\">\n\t\t\t\t\t\t\t\t\t<figure class=\"wp-block-image size-full\"><\/figure>\n<p><!-- \/wp:image --><\/p>\n<p><!-- wp:paragraph --><\/p>\n<p style=\"text-align: center;\"><a href=\"https:\/\/fcsypunca.edu.py\/wp-content\/uploads\/2021\/10\/Manual-Mecip-2015.pdf\" target=\"_blank\" rel=\"noopener\"><span style=\"color: #ff0000;\"><strong>Normas de requisitos m\u00ednimos para Sistema de Control Interno<\/strong><\/span><\/a><\/p>\n<p><!-- \/wp:paragraph --><\/p>\t\t\t\t\t\t\t\t<\/div>\n\t\t\t\t<\/div>\n\t\t\t\t\t<\/div>\n\t\t<\/div>\n\t\t\t\t\t<\/div>\n\t\t<\/section>\n\t\t\t\t<section class=\"elementor-section elementor-top-section elementor-element elementor-element-3ac6bfa elementor-section-boxed elementor-section-height-default elementor-section-height-default\" data-id=\"3ac6bfa\" data-element_type=\"section\">\n\t\t\t\t\t\t<div class=\"elementor-container elementor-column-gap-default\">\n\t\t\t\t\t<div class=\"elementor-column elementor-col-100 elementor-top-column elementor-element elementor-element-3571ec0\" data-id=\"3571ec0\" data-element_type=\"column\">\n\t\t\t<div class=\"elementor-widget-wrap elementor-element-populated\">\n\t\t\t\t\t\t<div class=\"elementor-element elementor-element-9c6bd17 elementor-widget elementor-widget-spacer\" data-id=\"9c6bd17\" data-element_type=\"widget\" data-widget_type=\"spacer.default\">\n\t\t\t\t<div class=\"elementor-widget-container\">\n\t\t\t\t\t\t\t<div class=\"elementor-spacer\">\n\t\t\t<div class=\"elementor-spacer-inner\"><\/div>\n\t\t<\/div>\n\t\t\t\t\t\t<\/div>\n\t\t\t\t<\/div>\n\t\t\t\t\t<\/div>\n\t\t<\/div>\n\t\t\t\t\t<\/div>\n\t\t<\/section>\n\t\t\t\t<section class=\"elementor-section elementor-top-section elementor-element elementor-element-426c1c3 elementor-section-boxed elementor-section-height-default elementor-section-height-default\" data-id=\"426c1c3\" data-element_type=\"section\">\n\t\t\t\t\t\t<div class=\"elementor-container elementor-column-gap-default\">\n\t\t\t\t\t<div class=\"elementor-column elementor-col-50 elementor-top-column elementor-element elementor-element-a82b4f8\" data-id=\"a82b4f8\" data-element_type=\"column\">\n\t\t\t<div class=\"elementor-widget-wrap elementor-element-populated\">\n\t\t\t\t\t\t<div class=\"elementor-element elementor-element-5d099a3 elementor-widget elementor-widget-image\" data-id=\"5d099a3\" data-element_type=\"widget\" data-widget_type=\"image.default\">\n\t\t\t\t<div class=\"elementor-widget-container\">\n\t\t\t\t\t\t\t\t\t\t\t\t\t\t\t<img decoding=\"async\" width=\"640\" height=\"197\" src=\"https:\/\/fcsypunca.edu.py\/wp-content\/uploads\/2026\/02\/LOGO_MECIP-768x236-1.png\" class=\"attachment-large size-large wp-image-6377\" alt=\"\" srcset=\"https:\/\/fcsypunca.edu.py\/wp-content\/uploads\/2026\/02\/LOGO_MECIP-768x236-1.png 768w, https:\/\/fcsypunca.edu.py\/wp-content\/uploads\/2026\/02\/LOGO_MECIP-768x236-1-300x92.png 300w\" sizes=\"(max-width: 640px) 100vw, 640px\" \/>\t\t\t\t\t\t\t\t\t\t\t\t\t\t\t<\/div>\n\t\t\t\t<\/div>\n\t\t\t\t\t<\/div>\n\t\t<\/div>\n\t\t\t\t<div class=\"elementor-column elementor-col-50 elementor-top-column elementor-element elementor-element-94b0250\" data-id=\"94b0250\" data-element_type=\"column\">\n\t\t\t<div class=\"elementor-widget-wrap elementor-element-populated\">\n\t\t\t\t\t\t<div class=\"elementor-element elementor-element-d8123fb elementor-widget elementor-widget-text-editor\" data-id=\"d8123fb\" data-element_type=\"widget\" data-widget_type=\"text-editor.default\">\n\t\t\t\t<div class=\"elementor-widget-container\">\n\t\t\t\t\t\t\t\t\t<div class=\"heading-wrap\">\n<h3 class=\"heading\">\u00bfQUE ES MECIP?<\/h3>\n<\/div>\n<div class=\"description-wrap\">\n<div class=\"description\">El Modelo Est\u00e1ndar de Control Interno del Paraguay \u2013 MECIP, se constituye en un marco de estructuras, conceptos y metodolog\u00edas necesarias para permitir el dise\u00f1o, desarrollo, implementaci\u00f3n y funcionamiento de un control interno adecuado, que apoye el cumplimiento de los objetivos institucionales de cada organismo y entidad p\u00fablica.<\/div>\n<\/div>\t\t\t\t\t\t\t\t<\/div>\n\t\t\t\t<\/div>\n\t\t\t\t\t<\/div>\n\t\t<\/div>\n\t\t\t\t\t<\/div>\n\t\t<\/section>\n\t\t\t\t<section class=\"elementor-section elementor-top-section elementor-element elementor-element-742eb1b elementor-section-boxed elementor-section-height-default elementor-section-height-default\" data-id=\"742eb1b\" data-element_type=\"section\">\n\t\t\t\t\t\t<div class=\"elementor-container elementor-column-gap-default\">\n\t\t\t\t\t<div class=\"elementor-column elementor-col-100 elementor-top-column elementor-element elementor-element-657dbe2\" data-id=\"657dbe2\" data-element_type=\"column\">\n\t\t\t<div class=\"elementor-widget-wrap elementor-element-populated\">\n\t\t\t\t\t\t<div class=\"elementor-element elementor-element-f97560f elementor-widget elementor-widget-spacer\" data-id=\"f97560f\" data-element_type=\"widget\" data-widget_type=\"spacer.default\">\n\t\t\t\t<div class=\"elementor-widget-container\">\n\t\t\t\t\t\t\t<div class=\"elementor-spacer\">\n\t\t\t<div class=\"elementor-spacer-inner\"><\/div>\n\t\t<\/div>\n\t\t\t\t\t\t<\/div>\n\t\t\t\t<\/div>\n\t\t\t\t\t<\/div>\n\t\t<\/div>\n\t\t\t\t\t<\/div>\n\t\t<\/section>\n\t\t\t\t<section class=\"elementor-section elementor-top-section elementor-element elementor-element-7f241d8 elementor-section-boxed elementor-section-height-default elementor-section-height-default\" data-id=\"7f241d8\" data-element_type=\"section\">\n\t\t\t\t\t\t<div class=\"elementor-container elementor-column-gap-default\">\n\t\t\t\t\t<div class=\"elementor-column elementor-col-50 elementor-top-column elementor-element elementor-element-924fbc3\" data-id=\"924fbc3\" data-element_type=\"column\">\n\t\t\t<div class=\"elementor-widget-wrap elementor-element-populated\">\n\t\t\t\t\t\t<div class=\"elementor-element elementor-element-756117f elementor-widget elementor-widget-text-editor\" data-id=\"756117f\" data-element_type=\"widget\" data-widget_type=\"text-editor.default\">\n\t\t\t\t<div class=\"elementor-widget-container\">\n\t\t\t\t\t\t\t\t\t<div class=\"heading-wrap\">\n<h3 class=\"heading\">EL MODELO<\/h3>\n<\/div>\n<div class=\"description-wrap\">\n<div class=\"description\">El modelo del Sistema de Control Interno basado en procesos y riesgos que se muestra en la figura a continuaci\u00f3n, ilustra la forma en que puede aplicarse a todos los componentes la metodolog\u00eda conocida\u00a0 como \u201cPlanificar-Hacer-Verificar-Actuar\u201d<\/div>\n<\/div>\t\t\t\t\t\t\t\t<\/div>\n\t\t\t\t<\/div>\n\t\t\t\t\t<\/div>\n\t\t<\/div>\n\t\t\t\t<div class=\"elementor-column elementor-col-50 elementor-top-column elementor-element elementor-element-f4a50ba\" data-id=\"f4a50ba\" data-element_type=\"column\">\n\t\t\t<div class=\"elementor-widget-wrap elementor-element-populated\">\n\t\t\t\t\t\t<div class=\"elementor-element elementor-element-82ed007 elementor-widget__width-initial elementor-widget elementor-widget-image\" data-id=\"82ed007\" data-element_type=\"widget\" data-widget_type=\"image.default\">\n\t\t\t\t<div class=\"elementor-widget-container\">\n\t\t\t\t\t\t\t\t\t\t\t\t\t\t\t<img decoding=\"async\" width=\"640\" height=\"496\" src=\"https:\/\/fcsypunca.edu.py\/wp-content\/uploads\/2026\/02\/modelo-768x595-1.webp\" class=\"attachment-large size-large wp-image-6379\" alt=\"\" srcset=\"https:\/\/fcsypunca.edu.py\/wp-content\/uploads\/2026\/02\/modelo-768x595-1.webp 768w, https:\/\/fcsypunca.edu.py\/wp-content\/uploads\/2026\/02\/modelo-768x595-1-300x232.webp 300w\" sizes=\"(max-width: 640px) 100vw, 640px\" \/>\t\t\t\t\t\t\t\t\t\t\t\t\t\t\t<\/div>\n\t\t\t\t<\/div>\n\t\t\t\t\t<\/div>\n\t\t<\/div>\n\t\t\t\t\t<\/div>\n\t\t<\/section>\n\t\t\t\t<section class=\"elementor-section elementor-top-section elementor-element elementor-element-d65822a elementor-section-boxed elementor-section-height-default elementor-section-height-default\" data-id=\"d65822a\" data-element_type=\"section\">\n\t\t\t\t\t\t<div class=\"elementor-container elementor-column-gap-default\">\n\t\t\t\t\t<div class=\"elementor-column elementor-col-100 elementor-top-column elementor-element elementor-element-951b9e7\" data-id=\"951b9e7\" data-element_type=\"column\">\n\t\t\t<div class=\"elementor-widget-wrap elementor-element-populated\">\n\t\t\t\t\t\t<div class=\"elementor-element elementor-element-dfca52d elementor-widget elementor-widget-spacer\" data-id=\"dfca52d\" data-element_type=\"widget\" data-widget_type=\"spacer.default\">\n\t\t\t\t<div class=\"elementor-widget-container\">\n\t\t\t\t\t\t\t<div class=\"elementor-spacer\">\n\t\t\t<div class=\"elementor-spacer-inner\"><\/div>\n\t\t<\/div>\n\t\t\t\t\t\t<\/div>\n\t\t\t\t<\/div>\n\t\t\t\t\t<\/div>\n\t\t<\/div>\n\t\t\t\t\t<\/div>\n\t\t<\/section>\n\t\t\t\t<section class=\"elementor-section elementor-top-section elementor-element elementor-element-866e10f elementor-section-boxed elementor-section-height-default elementor-section-height-default\" data-id=\"866e10f\" data-element_type=\"section\">\n\t\t\t\t\t\t<div class=\"elementor-container elementor-column-gap-default\">\n\t\t\t\t\t<div class=\"elementor-column elementor-col-100 elementor-top-column elementor-element elementor-element-2585cae\" data-id=\"2585cae\" data-element_type=\"column\">\n\t\t\t<div class=\"elementor-widget-wrap elementor-element-populated\">\n\t\t\t\t\t\t<div class=\"elementor-element elementor-element-e5a5a12 elementor-widget elementor-widget-text-editor\" data-id=\"e5a5a12\" data-element_type=\"widget\" data-widget_type=\"text-editor.default\">\n\t\t\t\t<div class=\"elementor-widget-container\">\n\t\t\t\t\t\t\t\t\t<div class=\"heading-wrap\">\n<h3 class=\"heading\">EL CICLO PHVA puede describirse brevemente como:<\/h3>\n<\/div>\n<div class=\"description-wrap\">\n<div class=\"description\">\n<p>\u2022\u00a0\u00a0Planificar:\u00a0establecer los objetivos y procesos necesarios para conseguir resultados de acuerdo con las pol\u00edticas de la organizaci\u00f3n y los requisitos establecidos, incluyendo los legales y reglamentarios, e identificar los riesgos asociados para determinar los controles operacionales correspondientes.<\/p>\n<p>\u2022 Hacer: implementar los procesos y controles definidos.<\/p>\n<p>\u2022 Verificar: realizar el seguimiento y la medici\u00f3n de la efectividad de los controles respecto a las pol\u00edticas, los objetivos y los requisitos establecidos, e informar sobre los resultados.<\/p>\n<p>\u2022 Actuar: tomar acciones para mejorar continuamente el desempe\u00f1o de los controles.<\/p>\n<\/div>\n<\/div>\t\t\t\t\t\t\t\t<\/div>\n\t\t\t\t<\/div>\n\t\t\t\t\t<\/div>\n\t\t<\/div>\n\t\t\t\t\t<\/div>\n\t\t<\/section>\n\t\t\t\t<section class=\"elementor-section elementor-top-section elementor-element elementor-element-b9a7a39 elementor-section-boxed elementor-section-height-default elementor-section-height-default\" data-id=\"b9a7a39\" data-element_type=\"section\">\n\t\t\t\t\t\t<div class=\"elementor-container elementor-column-gap-default\">\n\t\t\t\t\t<div class=\"elementor-column elementor-col-100 elementor-top-column elementor-element elementor-element-b601304\" data-id=\"b601304\" data-element_type=\"column\">\n\t\t\t<div class=\"elementor-widget-wrap elementor-element-populated\">\n\t\t\t\t\t\t<div class=\"elementor-element elementor-element-acc0cc9 elementor-widget elementor-widget-spacer\" data-id=\"acc0cc9\" data-element_type=\"widget\" data-widget_type=\"spacer.default\">\n\t\t\t\t<div class=\"elementor-widget-container\">\n\t\t\t\t\t\t\t<div class=\"elementor-spacer\">\n\t\t\t<div class=\"elementor-spacer-inner\"><\/div>\n\t\t<\/div>\n\t\t\t\t\t\t<\/div>\n\t\t\t\t<\/div>\n\t\t\t\t\t<\/div>\n\t\t<\/div>\n\t\t\t\t\t<\/div>\n\t\t<\/section>\n\t\t\t\t<section class=\"elementor-section elementor-top-section elementor-element elementor-element-67e4d50 elementor-section-boxed elementor-section-height-default elementor-section-height-default\" data-id=\"67e4d50\" data-element_type=\"section\">\n\t\t\t\t\t\t<div class=\"elementor-container elementor-column-gap-default\">\n\t\t\t\t\t<div class=\"elementor-column elementor-col-50 elementor-top-column elementor-element elementor-element-6570572\" data-id=\"6570572\" data-element_type=\"column\">\n\t\t\t<div class=\"elementor-widget-wrap elementor-element-populated\">\n\t\t\t\t\t\t<div class=\"elementor-element elementor-element-00dcf91 elementor-widget elementor-widget-image\" data-id=\"00dcf91\" data-element_type=\"widget\" data-widget_type=\"image.default\">\n\t\t\t\t<div class=\"elementor-widget-container\">\n\t\t\t\t\t\t\t\t\t\t\t\t\t\t\t<img loading=\"lazy\" decoding=\"async\" width=\"538\" height=\"272\" src=\"https:\/\/fcsypunca.edu.py\/wp-content\/uploads\/2026\/02\/estructura-mecip.webp\" class=\"attachment-large size-large wp-image-6380\" alt=\"\" srcset=\"https:\/\/fcsypunca.edu.py\/wp-content\/uploads\/2026\/02\/estructura-mecip.webp 538w, https:\/\/fcsypunca.edu.py\/wp-content\/uploads\/2026\/02\/estructura-mecip-300x152.webp 300w\" sizes=\"(max-width: 538px) 100vw, 538px\" \/>\t\t\t\t\t\t\t\t\t\t\t\t\t\t\t<\/div>\n\t\t\t\t<\/div>\n\t\t\t\t\t<\/div>\n\t\t<\/div>\n\t\t\t\t<div class=\"elementor-column elementor-col-50 elementor-top-column elementor-element elementor-element-babed86\" data-id=\"babed86\" data-element_type=\"column\">\n\t\t\t<div class=\"elementor-widget-wrap elementor-element-populated\">\n\t\t\t\t\t\t<div class=\"elementor-element elementor-element-ea64eef elementor-widget elementor-widget-text-editor\" data-id=\"ea64eef\" data-element_type=\"widget\" data-widget_type=\"text-editor.default\">\n\t\t\t\t<div class=\"elementor-widget-container\">\n\t\t\t\t\t\t\t\t\t<div class=\"heading-wrap\">\n<h3 class=\"heading\">ESTRUCTURA \u2013 \u00bfC\u00d3MO LEER ESTA NORMA?<\/h3>\n<\/div>\n<div class=\"description-wrap\">\n<div class=\"description\">Como se menciona anteriormente, esta norma se estructura en cinco Componentes, cada uno de ellos desplegado en una serie de Principios (requisitos) que, en algunos casos, vuelven a dividirse en Elementos que favorecen su entendimiento.<\/div>\n<\/div>\t\t\t\t\t\t\t\t<\/div>\n\t\t\t\t<\/div>\n\t\t\t\t\t<\/div>\n\t\t<\/div>\n\t\t\t\t\t<\/div>\n\t\t<\/section>\n\t\t\t\t<section class=\"elementor-section elementor-top-section elementor-element elementor-element-ccb3e01 elementor-section-boxed elementor-section-height-default elementor-section-height-default\" data-id=\"ccb3e01\" data-element_type=\"section\">\n\t\t\t\t\t\t<div class=\"elementor-container elementor-column-gap-default\">\n\t\t\t\t\t<div class=\"elementor-column elementor-col-100 elementor-top-column elementor-element elementor-element-eb6fcf3\" data-id=\"eb6fcf3\" data-element_type=\"column\">\n\t\t\t<div class=\"elementor-widget-wrap elementor-element-populated\">\n\t\t\t\t\t\t<div class=\"elementor-element elementor-element-aee07d1 elementor-widget elementor-widget-spacer\" data-id=\"aee07d1\" data-element_type=\"widget\" data-widget_type=\"spacer.default\">\n\t\t\t\t<div class=\"elementor-widget-container\">\n\t\t\t\t\t\t\t<div class=\"elementor-spacer\">\n\t\t\t<div class=\"elementor-spacer-inner\"><\/div>\n\t\t<\/div>\n\t\t\t\t\t\t<\/div>\n\t\t\t\t<\/div>\n\t\t\t\t\t<\/div>\n\t\t<\/div>\n\t\t\t\t\t<\/div>\n\t\t<\/section>\n\t\t\t\t<section class=\"elementor-section elementor-top-section elementor-element elementor-element-70d5901 elementor-section-boxed elementor-section-height-default elementor-section-height-default\" data-id=\"70d5901\" data-element_type=\"section\">\n\t\t\t\t\t\t<div class=\"elementor-container elementor-column-gap-default\">\n\t\t\t\t\t<div class=\"elementor-column elementor-col-33 elementor-top-column elementor-element elementor-element-ec2ea3b\" data-id=\"ec2ea3b\" data-element_type=\"column\">\n\t\t\t<div class=\"elementor-widget-wrap elementor-element-populated\">\n\t\t\t\t\t\t<div class=\"elementor-element elementor-element-b380305 elementor-align-center elementor-widget__width-inherit elementor-widget elementor-widget-button\" data-id=\"b380305\" data-element_type=\"widget\" data-widget_type=\"button.default\">\n\t\t\t\t<div class=\"elementor-widget-container\">\n\t\t\t\t\t\t\t\t\t<div class=\"elementor-button-wrapper\">\n\t\t\t\t\t<a class=\"elementor-button elementor-button-link elementor-size-sm\" href=\"https:\/\/fcsypunca.edu.py\/?page_id=6384\" target=\"_blank\">\n\t\t\t\t\t\t<span class=\"elementor-button-content-wrapper\">\n\t\t\t\t\t\t\t\t\t<span class=\"elementor-button-text\">AMBIENTE DE CONTROL<\/span>\n\t\t\t\t\t<\/span>\n\t\t\t\t\t<\/a>\n\t\t\t\t<\/div>\n\t\t\t\t\t\t\t\t<\/div>\n\t\t\t\t<\/div>\n\t\t\t\t\t<\/div>\n\t\t<\/div>\n\t\t\t\t<div class=\"elementor-column elementor-col-33 elementor-top-column elementor-element elementor-element-19f16c1\" data-id=\"19f16c1\" data-element_type=\"column\">\n\t\t\t<div class=\"elementor-widget-wrap elementor-element-populated\">\n\t\t\t\t\t\t<div class=\"elementor-element elementor-element-33189c8 elementor-align-center elementor-widget__width-inherit elementor-widget elementor-widget-button\" data-id=\"33189c8\" data-element_type=\"widget\" data-widget_type=\"button.default\">\n\t\t\t\t<div class=\"elementor-widget-container\">\n\t\t\t\t\t\t\t\t\t<div class=\"elementor-button-wrapper\">\n\t\t\t\t\t<a class=\"elementor-button elementor-button-link elementor-size-sm\" href=\"https:\/\/fcsypunca.edu.py\/?page_id=6623\" target=\"_blank\">\n\t\t\t\t\t\t<span class=\"elementor-button-content-wrapper\">\n\t\t\t\t\t\t\t\t\t<span class=\"elementor-button-text\">CONTROL DE LA PLANIFICACI\u00d3N<\/span>\n\t\t\t\t\t<\/span>\n\t\t\t\t\t<\/a>\n\t\t\t\t<\/div>\n\t\t\t\t\t\t\t\t<\/div>\n\t\t\t\t<\/div>\n\t\t\t\t\t<\/div>\n\t\t<\/div>\n\t\t\t\t<div class=\"elementor-column elementor-col-33 elementor-top-column elementor-element elementor-element-1cb2634\" data-id=\"1cb2634\" data-element_type=\"column\">\n\t\t\t<div class=\"elementor-widget-wrap elementor-element-populated\">\n\t\t\t\t\t\t<div class=\"elementor-element elementor-element-2285e04 elementor-align-center elementor-widget__width-inherit elementor-widget elementor-widget-button\" data-id=\"2285e04\" data-element_type=\"widget\" data-widget_type=\"button.default\">\n\t\t\t\t<div class=\"elementor-widget-container\">\n\t\t\t\t\t\t\t\t\t<div class=\"elementor-button-wrapper\">\n\t\t\t\t\t<a class=\"elementor-button elementor-button-link elementor-size-sm\" href=\"https:\/\/fcsypunca.edu.py\/?page_id=6632\" target=\"_blank\">\n\t\t\t\t\t\t<span class=\"elementor-button-content-wrapper\">\n\t\t\t\t\t\t\t\t\t<span class=\"elementor-button-text\">COMPONENTES DE CONTROL DE LA IMPLEMENTACI\u00d3N<\/span>\n\t\t\t\t\t<\/span>\n\t\t\t\t\t<\/a>\n\t\t\t\t<\/div>\n\t\t\t\t\t\t\t\t<\/div>\n\t\t\t\t<\/div>\n\t\t\t\t\t<\/div>\n\t\t<\/div>\n\t\t\t\t\t<\/div>\n\t\t<\/section>\n\t\t\t\t<section class=\"elementor-section elementor-top-section elementor-element elementor-element-9c84553 elementor-section-boxed elementor-section-height-default elementor-section-height-default\" data-id=\"9c84553\" data-element_type=\"section\">\n\t\t\t\t\t\t<div class=\"elementor-container elementor-column-gap-default\">\n\t\t\t\t\t<div class=\"elementor-column elementor-col-50 elementor-top-column elementor-element elementor-element-c2ce0b6\" data-id=\"c2ce0b6\" data-element_type=\"column\">\n\t\t\t<div class=\"elementor-widget-wrap elementor-element-populated\">\n\t\t\t\t\t\t<div class=\"elementor-element elementor-element-df4e381 elementor-align-center elementor-widget__width-inherit elementor-widget elementor-widget-button\" data-id=\"df4e381\" data-element_type=\"widget\" data-widget_type=\"button.default\">\n\t\t\t\t<div class=\"elementor-widget-container\">\n\t\t\t\t\t\t\t\t\t<div class=\"elementor-button-wrapper\">\n\t\t\t\t\t<a class=\"elementor-button elementor-button-link elementor-size-sm\" href=\"https:\/\/fcsypunca.edu.py\/?page_id=6641\" target=\"_blank\">\n\t\t\t\t\t\t<span class=\"elementor-button-content-wrapper\">\n\t\t\t\t\t\t\t\t\t<span class=\"elementor-button-text\">CONTROL DE EVALUACI\u00d3N <\/span>\n\t\t\t\t\t<\/span>\n\t\t\t\t\t<\/a>\n\t\t\t\t<\/div>\n\t\t\t\t\t\t\t\t<\/div>\n\t\t\t\t<\/div>\n\t\t\t\t\t<\/div>\n\t\t<\/div>\n\t\t\t\t<div class=\"elementor-column elementor-col-50 elementor-top-column elementor-element elementor-element-7d716f4\" data-id=\"7d716f4\" data-element_type=\"column\">\n\t\t\t<div class=\"elementor-widget-wrap elementor-element-populated\">\n\t\t\t\t\t\t<div class=\"elementor-element elementor-element-a384469 elementor-align-center elementor-widget__width-inherit elementor-widget elementor-widget-button\" data-id=\"a384469\" data-element_type=\"widget\" data-widget_type=\"button.default\">\n\t\t\t\t<div class=\"elementor-widget-container\">\n\t\t\t\t\t\t\t\t\t<div class=\"elementor-button-wrapper\">\n\t\t\t\t\t<a class=\"elementor-button elementor-button-link elementor-size-sm\" href=\"https:\/\/fcsypunca.edu.py\/?page_id=6649\" target=\"_blank\">\n\t\t\t\t\t\t<span class=\"elementor-button-content-wrapper\">\n\t\t\t\t\t\t\t\t\t<span class=\"elementor-button-text\">CONTROL PARA LA MEJORA <\/span>\n\t\t\t\t\t<\/span>\n\t\t\t\t\t<\/a>\n\t\t\t\t<\/div>\n\t\t\t\t\t\t\t\t<\/div>\n\t\t\t\t<\/div>\n\t\t\t\t\t<\/div>\n\t\t<\/div>\n\t\t\t\t\t<\/div>\n\t\t<\/section>\n\t\t\t\t<section class=\"elementor-section elementor-top-section elementor-element elementor-element-738499b elementor-section-boxed elementor-section-height-default elementor-section-height-default\" data-id=\"738499b\" data-element_type=\"section\">\n\t\t\t\t\t\t<div class=\"elementor-container elementor-column-gap-default\">\n\t\t\t\t\t<div class=\"elementor-column elementor-col-100 elementor-top-column elementor-element elementor-element-8277fcf\" data-id=\"8277fcf\" data-element_type=\"column\">\n\t\t\t<div class=\"elementor-widget-wrap elementor-element-populated\">\n\t\t\t\t\t\t<div class=\"elementor-element elementor-element-689bfea elementor-widget elementor-widget-spacer\" data-id=\"689bfea\" data-element_type=\"widget\" data-widget_type=\"spacer.default\">\n\t\t\t\t<div class=\"elementor-widget-container\">\n\t\t\t\t\t\t\t<div class=\"elementor-spacer\">\n\t\t\t<div class=\"elementor-spacer-inner\"><\/div>\n\t\t<\/div>\n\t\t\t\t\t\t<\/div>\n\t\t\t\t<\/div>\n\t\t\t\t\t<\/div>\n\t\t<\/div>\n\t\t\t\t\t<\/div>\n\t\t<\/section>\n\t\t\t\t<\/div>\n\t\t","protected":false},"excerpt":{"rendered":"<p>Normas de requisitos m\u00ednimos para Sistema de Control Interno \u00bfQUE ES MECIP? El Modelo Est\u00e1ndar de Control Interno del Paraguay&#8230;<\/p>\n","protected":false},"author":1,"featured_media":0,"parent":0,"menu_order":0,"comment_status":"closed","ping_status":"closed","template":"","meta":{"footnotes":""},"class_list":["post-1383","page","type-page","status-publish","hentry"],"_links":{"self":[{"href":"https:\/\/fcsypunca.edu.py\/index.php?rest_route=\/wp\/v2\/pages\/1383","targetHints":{"allow":["GET"]}}],"collection":[{"href":"https:\/\/fcsypunca.edu.py\/index.php?rest_route=\/wp\/v2\/pages"}],"about":[{"href":"https:\/\/fcsypunca.edu.py\/index.php?rest_route=\/wp\/v2\/types\/page"}],"author":[{"embeddable":true,"href":"https:\/\/fcsypunca.edu.py\/index.php?rest_route=\/wp\/v2\/users\/1"}],"replies":[{"embeddable":true,"href":"https:\/\/fcsypunca.edu.py\/index.php?rest_route=%2Fwp%2Fv2%2Fcomments&post=1383"}],"version-history":[{"count":49,"href":"https:\/\/fcsypunca.edu.py\/index.php?rest_route=\/wp\/v2\/pages\/1383\/revisions"}],"predecessor-version":[{"id":6662,"href":"https:\/\/fcsypunca.edu.py\/index.php?rest_route=\/wp\/v2\/pages\/1383\/revisions\/6662"}],"wp:attachment":[{"href":"https:\/\/fcsypunca.edu.py\/index.php?rest_route=%2Fwp%2Fv2%2Fmedia&parent=1383"}],"curies":[{"name":"wp","href":"https:\/\/api.w.org\/{rel}","templated":true}]}}