{"id":1315,"date":"2021-10-10T02:39:34","date_gmt":"2021-10-10T02:39:34","guid":{"rendered":"https:\/\/fcsypunca.edu.py\/?page_id=1315"},"modified":"2026-02-20T10:07:20","modified_gmt":"2026-02-20T13:07:20","slug":"ley-n-5-189-2014","status":"publish","type":"page","link":"https:\/\/fcsypunca.edu.py\/?page_id=1315","title":{"rendered":"LEY N\u00b0 5.189\/2014"},"content":{"rendered":"\t\t<div data-elementor-type=\"wp-page\" data-elementor-id=\"1315\" class=\"elementor elementor-1315\">\n\t\t\t\t\t\t<section class=\"elementor-section elementor-top-section elementor-element elementor-element-1b64e4a elementor-section-boxed elementor-section-height-default elementor-section-height-default\" data-id=\"1b64e4a\" data-element_type=\"section\">\n\t\t\t\t\t\t<div class=\"elementor-container elementor-column-gap-default\">\n\t\t\t\t\t<div class=\"elementor-column elementor-col-100 elementor-top-column elementor-element elementor-element-ec133d0\" data-id=\"ec133d0\" data-element_type=\"column\">\n\t\t\t<div class=\"elementor-widget-wrap elementor-element-populated\">\n\t\t\t\t\t\t<div class=\"elementor-element elementor-element-0f36e3f elementor-widget elementor-widget-eael-fancy-text\" data-id=\"0f36e3f\" data-element_type=\"widget\" data-widget_type=\"eael-fancy-text.default\">\n\t\t\t\t<div class=\"elementor-widget-container\">\n\t\t\t\t\t\n\t<div  class=\"eael-fancy-text-container style-1\" data-fancy-text-id=\"0f36e3f\" data-fancy-text=\"|5.189\/2014\" data-fancy-text-transition-type=\"typing\" data-fancy-text-speed=\"50\" data-fancy-text-delay=\"2500\" data-fancy-text-cursor=\"yes\" data-fancy-text-loop=\"yes\" data-fancy-text-action=\"page_load\" >\n\t\t\t\t\t<span class=\"eael-fancy-text-prefix\">Ley <\/span>\n\t\t\n\t\t\n\t\t\t\t\t<span id=\"eael-fancy-text-0f36e3f\" class=\"eael-fancy-text-strings solid-color\">\n\t\t\t\t<noscript>\n\t\t\t\t\t5.189\/2014\t\t\t\t<\/noscript>\n\t\t\t<\/span>\n\t\t\n\t\t\t<\/div><!-- close .eael-fancy-text-container -->\n\n\t<div class=\"clearfix\"><\/div>\n\n\t\t\t\t\t<\/div>\n\t\t\t\t<\/div>\n\t\t\t\t<div class=\"elementor-element elementor-element-bd1ba7b elementor-widget elementor-widget-spacer\" data-id=\"bd1ba7b\" data-element_type=\"widget\" data-widget_type=\"spacer.default\">\n\t\t\t\t<div class=\"elementor-widget-container\">\n\t\t\t\t\t\t\t<div class=\"elementor-spacer\">\n\t\t\t<div class=\"elementor-spacer-inner\"><\/div>\n\t\t<\/div>\n\t\t\t\t\t\t<\/div>\n\t\t\t\t<\/div>\n\t\t\t\t\t<\/div>\n\t\t<\/div>\n\t\t\t\t\t<\/div>\n\t\t<\/section>\n\t\t\t\t<section class=\"elementor-section elementor-top-section elementor-element elementor-element-d5c4879 elementor-section-full_width elementor-section-stretched elementor-section-height-default elementor-section-height-default\" data-id=\"d5c4879\" data-element_type=\"section\" data-settings=\"{&quot;stretch_section&quot;:&quot;section-stretched&quot;}\">\n\t\t\t\t\t\t<div class=\"elementor-container elementor-column-gap-default\">\n\t\t\t\t\t<div class=\"elementor-column elementor-col-100 elementor-top-column elementor-element elementor-element-12cd333\" data-id=\"12cd333\" data-element_type=\"column\">\n\t\t\t<div class=\"elementor-widget-wrap elementor-element-populated\">\n\t\t\t\t\t\t<div class=\"elementor-element elementor-element-d348ee2 elementor-widget elementor-widget-heading\" data-id=\"d348ee2\" data-element_type=\"widget\" data-widget_type=\"heading.default\">\n\t\t\t\t<div class=\"elementor-widget-container\">\n\t\t\t\t\t<h2 class=\"elementor-heading-title elementor-size-default\">En cumplimiento a la Ley N\u00b0 5189\/2014 \"Que establece la obligatoriedad de la provisi\u00f3n de informaci\u00f3n en el uso de los recursos p\u00fablicos sobre remuneraciones y otras retribuciones asignadas al servidor p\u00fablico de la Rep\u00fablica del Paraguay\"<\/h2>\t\t\t\t<\/div>\n\t\t\t\t<\/div>\n\t\t\t\t<div class=\"elementor-element elementor-element-7a404de elementor-widget elementor-widget-spacer\" data-id=\"7a404de\" data-element_type=\"widget\" data-widget_type=\"spacer.default\">\n\t\t\t\t<div class=\"elementor-widget-container\">\n\t\t\t\t\t\t\t<div class=\"elementor-spacer\">\n\t\t\t<div class=\"elementor-spacer-inner\"><\/div>\n\t\t<\/div>\n\t\t\t\t\t\t<\/div>\n\t\t\t\t<\/div>\n\t\t\t\t\t<\/div>\n\t\t<\/div>\n\t\t\t\t\t<\/div>\n\t\t<\/section>\n\t\t\t\t<section class=\"elementor-section elementor-top-section elementor-element elementor-element-933a23f elementor-section-boxed elementor-section-height-default elementor-section-height-default\" data-id=\"933a23f\" data-element_type=\"section\">\n\t\t\t\t\t\t<div class=\"elementor-container elementor-column-gap-default\">\n\t\t\t\t\t<div class=\"elementor-column elementor-col-25 elementor-top-column elementor-element elementor-element-26142cb\" data-id=\"26142cb\" data-element_type=\"column\">\n\t\t\t<div class=\"elementor-widget-wrap elementor-element-populated\">\n\t\t\t\t\t\t<div class=\"elementor-element elementor-element-e148378 elementor-position-top elementor-widget elementor-widget-image-box\" data-id=\"e148378\" data-element_type=\"widget\" data-widget_type=\"image-box.default\">\n\t\t\t\t<div class=\"elementor-widget-container\">\n\t\t\t\t\t<div class=\"elementor-image-box-wrapper\"><figure class=\"elementor-image-box-img\"><a href=\"https:\/\/fcsypunca.edu.py\/?page_id=212\" target=\"_blank\" tabindex=\"-1\"><img fetchpriority=\"high\" decoding=\"async\" width=\"890\" height=\"512\" src=\"https:\/\/fcsypunca.edu.py\/wp-content\/uploads\/2021\/11\/organigrama2.png\" class=\"attachment-full size-full wp-image-1919\" alt=\"\" srcset=\"https:\/\/fcsypunca.edu.py\/wp-content\/uploads\/2021\/11\/organigrama2.png 890w, https:\/\/fcsypunca.edu.py\/wp-content\/uploads\/2021\/11\/organigrama2-300x173.png 300w, https:\/\/fcsypunca.edu.py\/wp-content\/uploads\/2021\/11\/organigrama2-768x442.png 768w\" sizes=\"(max-width: 890px) 100vw, 890px\" \/><\/a><\/figure><div class=\"elementor-image-box-content\"><h3 class=\"elementor-image-box-title\"><a href=\"https:\/\/fcsypunca.edu.py\/?page_id=212\" target=\"_blank\">Estructura Org\u00e1nica<\/a><\/h3><\/div><\/div>\t\t\t\t<\/div>\n\t\t\t\t<\/div>\n\t\t\t\t\t<\/div>\n\t\t<\/div>\n\t\t\t\t<div class=\"elementor-column elementor-col-25 elementor-top-column elementor-element elementor-element-cc69e2f\" data-id=\"cc69e2f\" data-element_type=\"column\">\n\t\t\t<div class=\"elementor-widget-wrap elementor-element-populated\">\n\t\t\t\t\t\t<div class=\"elementor-element elementor-element-a5ed834 elementor-position-top elementor-widget elementor-widget-image-box\" data-id=\"a5ed834\" data-element_type=\"widget\" data-widget_type=\"image-box.default\">\n\t\t\t\t<div class=\"elementor-widget-container\">\n\t\t\t\t\t<div class=\"elementor-image-box-wrapper\"><figure class=\"elementor-image-box-img\"><a href=\"https:\/\/fcsypunca.edu.py\/wp-content\/uploads\/2021\/10\/RESOLUCI9ON-CD-99-2021-MANUAL-DE-FUNCIONES-rotado.pdf\" target=\"_blank\" tabindex=\"-1\"><img decoding=\"async\" width=\"512\" height=\"512\" src=\"https:\/\/fcsypunca.edu.py\/wp-content\/uploads\/2021\/11\/manual-de-funciones.png\" class=\"attachment-full size-full wp-image-1932\" alt=\"\" srcset=\"https:\/\/fcsypunca.edu.py\/wp-content\/uploads\/2021\/11\/manual-de-funciones.png 512w, https:\/\/fcsypunca.edu.py\/wp-content\/uploads\/2021\/11\/manual-de-funciones-300x300.png 300w, https:\/\/fcsypunca.edu.py\/wp-content\/uploads\/2021\/11\/manual-de-funciones-150x150.png 150w\" sizes=\"(max-width: 512px) 100vw, 512px\" \/><\/a><\/figure><div class=\"elementor-image-box-content\"><h3 class=\"elementor-image-box-title\"><a href=\"https:\/\/fcsypunca.edu.py\/wp-content\/uploads\/2021\/10\/RESOLUCI9ON-CD-99-2021-MANUAL-DE-FUNCIONES-rotado.pdf\" target=\"_blank\">Funciones de Cada una de las Dependencia<\/a><\/h3><\/div><\/div>\t\t\t\t<\/div>\n\t\t\t\t<\/div>\n\t\t\t\t\t<\/div>\n\t\t<\/div>\n\t\t\t\t<div class=\"elementor-column elementor-col-25 elementor-top-column elementor-element elementor-element-d161b67\" data-id=\"d161b67\" data-element_type=\"column\">\n\t\t\t<div class=\"elementor-widget-wrap elementor-element-populated\">\n\t\t\t\t\t\t<div class=\"elementor-element elementor-element-96affbf elementor-position-top elementor-widget elementor-widget-image-box\" data-id=\"96affbf\" data-element_type=\"widget\" data-widget_type=\"image-box.default\">\n\t\t\t\t<div class=\"elementor-widget-container\">\n\t\t\t\t\t<div class=\"elementor-image-box-wrapper\"><figure class=\"elementor-image-box-img\"><a href=\"https:\/\/fcsypunca.edu.py\/?page_id=1886\" target=\"_blank\" tabindex=\"-1\"><img decoding=\"async\" width=\"512\" height=\"512\" src=\"https:\/\/fcsypunca.edu.py\/wp-content\/uploads\/2021\/10\/funcionarios.png\" class=\"attachment-full size-full wp-image-1344\" alt=\"\" srcset=\"https:\/\/fcsypunca.edu.py\/wp-content\/uploads\/2021\/10\/funcionarios.png 512w, https:\/\/fcsypunca.edu.py\/wp-content\/uploads\/2021\/10\/funcionarios-300x300.png 300w, https:\/\/fcsypunca.edu.py\/wp-content\/uploads\/2021\/10\/funcionarios-150x150.png 150w\" sizes=\"(max-width: 512px) 100vw, 512px\" \/><\/a><\/figure><div class=\"elementor-image-box-content\"><h3 class=\"elementor-image-box-title\"><a href=\"https:\/\/fcsypunca.edu.py\/?page_id=1886\" target=\"_blank\">N\u00f3mina de Funcionarios Permanentes, Contratados y de Elecci\u00f3n Popular <\/a><\/h3><\/div><\/div>\t\t\t\t<\/div>\n\t\t\t\t<\/div>\n\t\t\t\t\t<\/div>\n\t\t<\/div>\n\t\t\t\t<div class=\"elementor-column elementor-col-25 elementor-top-column elementor-element elementor-element-f52b5bd\" data-id=\"f52b5bd\" data-element_type=\"column\">\n\t\t\t<div class=\"elementor-widget-wrap elementor-element-populated\">\n\t\t\t\t\t\t<div class=\"elementor-element elementor-element-ceeaa0d elementor-position-top elementor-widget elementor-widget-image-box\" data-id=\"ceeaa0d\" data-element_type=\"widget\" data-widget_type=\"image-box.default\">\n\t\t\t\t<div class=\"elementor-widget-container\">\n\t\t\t\t\t<div class=\"elementor-image-box-wrapper\"><figure class=\"elementor-image-box-img\"><a href=\"https:\/\/fcsypunca.edu.py\/?page_id=1529\" target=\"_blank\" tabindex=\"-1\"><img loading=\"lazy\" decoding=\"async\" width=\"512\" height=\"512\" src=\"https:\/\/fcsypunca.edu.py\/wp-content\/uploads\/2021\/10\/ejecucion-presupuestaria.png\" class=\"attachment-full size-full wp-image-1345\" alt=\"\" srcset=\"https:\/\/fcsypunca.edu.py\/wp-content\/uploads\/2021\/10\/ejecucion-presupuestaria.png 512w, https:\/\/fcsypunca.edu.py\/wp-content\/uploads\/2021\/10\/ejecucion-presupuestaria-300x300.png 300w, https:\/\/fcsypunca.edu.py\/wp-content\/uploads\/2021\/10\/ejecucion-presupuestaria-150x150.png 150w\" sizes=\"(max-width: 512px) 100vw, 512px\" \/><\/a><\/figure><div class=\"elementor-image-box-content\"><h3 class=\"elementor-image-box-title\"><a href=\"https:\/\/fcsypunca.edu.py\/?page_id=1529\" target=\"_blank\">Presupuesto de Ingresos y Gastos Asignado para cada Ejercicio Fiscal<\/a><\/h3><\/div><\/div>\t\t\t\t<\/div>\n\t\t\t\t<\/div>\n\t\t\t\t\t<\/div>\n\t\t<\/div>\n\t\t\t\t\t<\/div>\n\t\t<\/section>\n\t\t\t\t<section class=\"elementor-section elementor-top-section elementor-element elementor-element-8b6a6e8 elementor-section-boxed elementor-section-height-default elementor-section-height-default\" data-id=\"8b6a6e8\" data-element_type=\"section\">\n\t\t\t\t\t\t<div class=\"elementor-container elementor-column-gap-default\">\n\t\t\t\t\t<div class=\"elementor-column elementor-col-25 elementor-top-column elementor-element elementor-element-f560879\" data-id=\"f560879\" data-element_type=\"column\">\n\t\t\t<div class=\"elementor-widget-wrap elementor-element-populated\">\n\t\t\t\t\t\t<div class=\"elementor-element elementor-element-b9e08b8 elementor-position-top elementor-widget elementor-widget-image-box\" data-id=\"b9e08b8\" data-element_type=\"widget\" data-widget_type=\"image-box.default\">\n\t\t\t\t<div class=\"elementor-widget-container\">\n\t\t\t\t\t<div class=\"elementor-image-box-wrapper\"><figure class=\"elementor-image-box-img\"><a href=\"https:\/\/fcsypunca.edu.py\/?page_id=1893\" target=\"_blank\" tabindex=\"-1\"><img loading=\"lazy\" decoding=\"async\" width=\"600\" height=\"600\" src=\"https:\/\/fcsypunca.edu.py\/wp-content\/uploads\/2021\/11\/patrimonio.png\" class=\"attachment-full size-full wp-image-1923\" alt=\"\" srcset=\"https:\/\/fcsypunca.edu.py\/wp-content\/uploads\/2021\/11\/patrimonio.png 600w, https:\/\/fcsypunca.edu.py\/wp-content\/uploads\/2021\/11\/patrimonio-300x300.png 300w, https:\/\/fcsypunca.edu.py\/wp-content\/uploads\/2021\/11\/patrimonio-150x150.png 150w\" sizes=\"(max-width: 600px) 100vw, 600px\" \/><\/a><\/figure><div class=\"elementor-image-box-content\"><h3 class=\"elementor-image-box-title\"><a href=\"https:\/\/fcsypunca.edu.py\/?page_id=1893\" target=\"_blank\">Informe  Patrimonial<\/a><\/h3><\/div><\/div>\t\t\t\t<\/div>\n\t\t\t\t<\/div>\n\t\t\t\t\t<\/div>\n\t\t<\/div>\n\t\t\t\t<div class=\"elementor-column elementor-col-25 elementor-top-column elementor-element elementor-element-0416289\" data-id=\"0416289\" data-element_type=\"column\">\n\t\t\t<div class=\"elementor-widget-wrap elementor-element-populated\">\n\t\t\t\t\t\t<div class=\"elementor-element elementor-element-f40f1e9 elementor-position-top elementor-widget elementor-widget-image-box\" data-id=\"f40f1e9\" data-element_type=\"widget\" data-widget_type=\"image-box.default\">\n\t\t\t\t<div class=\"elementor-widget-container\">\n\t\t\t\t\t<div class=\"elementor-image-box-wrapper\"><figure class=\"elementor-image-box-img\"><a href=\"https:\/\/fcsypunca.edu.py\/?page_id=1891\" target=\"_blank\" tabindex=\"-1\"><img loading=\"lazy\" decoding=\"async\" width=\"512\" height=\"512\" src=\"https:\/\/fcsypunca.edu.py\/wp-content\/uploads\/2021\/10\/viaticos.jpg\" class=\"attachment-full size-full wp-image-1346\" alt=\"\" srcset=\"https:\/\/fcsypunca.edu.py\/wp-content\/uploads\/2021\/10\/viaticos.jpg 512w, https:\/\/fcsypunca.edu.py\/wp-content\/uploads\/2021\/10\/viaticos-300x300.jpg 300w, https:\/\/fcsypunca.edu.py\/wp-content\/uploads\/2021\/10\/viaticos-150x150.jpg 150w\" sizes=\"(max-width: 512px) 100vw, 512px\" \/><\/a><\/figure><div class=\"elementor-image-box-content\"><h3 class=\"elementor-image-box-title\"><a href=\"https:\/\/fcsypunca.edu.py\/?page_id=1891\" target=\"_blank\">Detalles de Viajes Nacionales e Internacionales <\/a><\/h3><\/div><\/div>\t\t\t\t<\/div>\n\t\t\t\t<\/div>\n\t\t\t\t\t<\/div>\n\t\t<\/div>\n\t\t\t\t<div class=\"elementor-column elementor-col-25 elementor-top-column elementor-element elementor-element-8eda4e3\" data-id=\"8eda4e3\" data-element_type=\"column\">\n\t\t\t<div class=\"elementor-widget-wrap elementor-element-populated\">\n\t\t\t\t\t\t<div class=\"elementor-element elementor-element-e87dfcf elementor-position-top elementor-widget elementor-widget-image-box\" data-id=\"e87dfcf\" data-element_type=\"widget\" data-widget_type=\"image-box.default\">\n\t\t\t\t<div class=\"elementor-widget-container\">\n\t\t\t\t\t<div class=\"elementor-image-box-wrapper\"><figure class=\"elementor-image-box-img\"><a href=\"https:\/\/fcsypunca.edu.py\/?page_id=1895\" target=\"_blank\" tabindex=\"-1\"><img loading=\"lazy\" decoding=\"async\" width=\"226\" height=\"223\" src=\"https:\/\/fcsypunca.edu.py\/wp-content\/uploads\/2021\/10\/informe_viaticos.png\" class=\"attachment-full size-full wp-image-1397\" alt=\"\" \/><\/a><\/figure><div class=\"elementor-image-box-content\"><h3 class=\"elementor-image-box-title\"><a href=\"https:\/\/fcsypunca.edu.py\/?page_id=1895\" target=\"_blank\">Rendici\u00f3n de Vi\u00e1ticos<\/a><\/h3><\/div><\/div>\t\t\t\t<\/div>\n\t\t\t\t<\/div>\n\t\t\t\t\t<\/div>\n\t\t<\/div>\n\t\t\t\t<div class=\"elementor-column elementor-col-25 elementor-top-column elementor-element elementor-element-5eb2162\" data-id=\"5eb2162\" data-element_type=\"column\">\n\t\t\t<div class=\"elementor-widget-wrap elementor-element-populated\">\n\t\t\t\t\t\t<div class=\"elementor-element elementor-element-9267044 elementor-position-top elementor-widget elementor-widget-image-box\" data-id=\"9267044\" data-element_type=\"widget\" data-widget_type=\"image-box.default\">\n\t\t\t\t<div class=\"elementor-widget-container\">\n\t\t\t\t\t<div class=\"elementor-image-box-wrapper\"><figure class=\"elementor-image-box-img\"><a href=\"https:\/\/fcsypunca.edu.py\/?page_id=2542\" target=\"_blank\" tabindex=\"-1\"><img loading=\"lazy\" decoding=\"async\" width=\"260\" height=\"260\" src=\"https:\/\/fcsypunca.edu.py\/wp-content\/uploads\/2021\/11\/resumen_anual.png\" class=\"attachment-full size-full wp-image-1924\" alt=\"\" srcset=\"https:\/\/fcsypunca.edu.py\/wp-content\/uploads\/2021\/11\/resumen_anual.png 260w, https:\/\/fcsypunca.edu.py\/wp-content\/uploads\/2021\/11\/resumen_anual-150x150.png 150w\" sizes=\"(max-width: 260px) 100vw, 260px\" \/><\/a><\/figure><div class=\"elementor-image-box-content\"><h3 class=\"elementor-image-box-title\"><a href=\"https:\/\/fcsypunca.edu.py\/?page_id=2542\" target=\"_blank\">Rendici\u00f3n de Cuentas FCSyP<\/a><\/h3><\/div><\/div>\t\t\t\t<\/div>\n\t\t\t\t<\/div>\n\t\t\t\t\t<\/div>\n\t\t<\/div>\n\t\t\t\t\t<\/div>\n\t\t<\/section>\n\t\t\t\t<section class=\"elementor-section elementor-top-section elementor-element elementor-element-5e1af89 elementor-section-boxed elementor-section-height-default elementor-section-height-default\" data-id=\"5e1af89\" data-element_type=\"section\">\n\t\t\t\t\t\t<div class=\"elementor-container elementor-column-gap-default\">\n\t\t\t\t\t<div class=\"elementor-column elementor-col-33 elementor-top-column elementor-element elementor-element-a29d00a\" data-id=\"a29d00a\" data-element_type=\"column\">\n\t\t\t<div class=\"elementor-widget-wrap elementor-element-populated\">\n\t\t\t\t\t\t<div class=\"elementor-element elementor-element-b270edc elementor-position-top elementor-widget elementor-widget-image-box\" data-id=\"b270edc\" data-element_type=\"widget\" data-widget_type=\"image-box.default\">\n\t\t\t\t<div class=\"elementor-widget-container\">\n\t\t\t\t\t<div class=\"elementor-image-box-wrapper\"><figure class=\"elementor-image-box-img\"><a href=\"https:\/\/fcsypunca.edu.py\/wp-content\/uploads\/2021\/10\/Funcionarios-con-discapacidad-FCSYP.pdf\" target=\"_blank\" tabindex=\"-1\"><img loading=\"lazy\" decoding=\"async\" width=\"216\" height=\"233\" src=\"https:\/\/fcsypunca.edu.py\/wp-content\/uploads\/2021\/11\/discapacidad.png\" class=\"attachment-full size-full wp-image-1925\" alt=\"\" \/><\/a><\/figure><div class=\"elementor-image-box-content\"><h3 class=\"elementor-image-box-title\"><a href=\"https:\/\/fcsypunca.edu.py\/wp-content\/uploads\/2021\/10\/Funcionarios-con-discapacidad-FCSYP.pdf\" target=\"_blank\">N\u00f3mina del Personal con Discapacidad<\/a><\/h3><\/div><\/div>\t\t\t\t<\/div>\n\t\t\t\t<\/div>\n\t\t\t\t\t<\/div>\n\t\t<\/div>\n\t\t\t\t<div class=\"elementor-column elementor-col-33 elementor-top-column elementor-element elementor-element-72c92d9\" data-id=\"72c92d9\" data-element_type=\"column\">\n\t\t\t<div class=\"elementor-widget-wrap elementor-element-populated\">\n\t\t\t\t\t\t<div class=\"elementor-element elementor-element-a07f60c elementor-position-top elementor-widget elementor-widget-image-box\" data-id=\"a07f60c\" data-element_type=\"widget\" data-widget_type=\"image-box.default\">\n\t\t\t\t<div class=\"elementor-widget-container\">\n\t\t\t\t\t<div class=\"elementor-image-box-wrapper\"><figure class=\"elementor-image-box-img\"><a href=\"https:\/\/fcsypunca.edu.py\/?page_id=406\" target=\"_blank\" tabindex=\"-1\"><img loading=\"lazy\" decoding=\"async\" width=\"888\" height=\"888\" src=\"https:\/\/fcsypunca.edu.py\/wp-content\/uploads\/2021\/11\/03951a31f3786d48184371d9b63f22f2-e1635877171210.png\" class=\"attachment-full size-full wp-image-1928\" alt=\"\" srcset=\"https:\/\/fcsypunca.edu.py\/wp-content\/uploads\/2021\/11\/03951a31f3786d48184371d9b63f22f2-e1635877171210.png 888w, https:\/\/fcsypunca.edu.py\/wp-content\/uploads\/2021\/11\/03951a31f3786d48184371d9b63f22f2-e1635877171210-300x300.png 300w, https:\/\/fcsypunca.edu.py\/wp-content\/uploads\/2021\/11\/03951a31f3786d48184371d9b63f22f2-e1635877171210-150x150.png 150w, https:\/\/fcsypunca.edu.py\/wp-content\/uploads\/2021\/11\/03951a31f3786d48184371d9b63f22f2-e1635877171210-768x768.png 768w\" sizes=\"(max-width: 888px) 100vw, 888px\" \/><\/a><\/figure><div class=\"elementor-image-box-content\"><h3 class=\"elementor-image-box-title\"><a href=\"https:\/\/fcsypunca.edu.py\/?page_id=406\" target=\"_blank\">Direcci\u00f3n y Tel\u00e9fono de la Entidad y de Cada una de las Dependencias<\/a><\/h3><\/div><\/div>\t\t\t\t<\/div>\n\t\t\t\t<\/div>\n\t\t\t\t\t<\/div>\n\t\t<\/div>\n\t\t\t\t<div class=\"elementor-column elementor-col-33 elementor-top-column elementor-element elementor-element-f1cb344\" data-id=\"f1cb344\" data-element_type=\"column\">\n\t\t\t<div class=\"elementor-widget-wrap elementor-element-populated\">\n\t\t\t\t\t\t<div class=\"elementor-element elementor-element-5d88521 elementor-position-top elementor-widget elementor-widget-image-box\" data-id=\"5d88521\" data-element_type=\"widget\" data-widget_type=\"image-box.default\">\n\t\t\t\t<div class=\"elementor-widget-container\">\n\t\t\t\t\t<div class=\"elementor-image-box-wrapper\"><figure class=\"elementor-image-box-img\"><a href=\"https:\/\/fcsypunca.edu.py\/?page_id=1535\" target=\"_blank\" tabindex=\"-1\"><img loading=\"lazy\" decoding=\"async\" width=\"168\" height=\"167\" src=\"https:\/\/fcsypunca.edu.py\/wp-content\/uploads\/2021\/10\/comision.png\" class=\"attachment-full size-full wp-image-1518\" alt=\"\" srcset=\"https:\/\/fcsypunca.edu.py\/wp-content\/uploads\/2021\/10\/comision.png 168w, https:\/\/fcsypunca.edu.py\/wp-content\/uploads\/2021\/10\/comision-150x150.png 150w\" sizes=\"(max-width: 168px) 100vw, 168px\" \/><\/a><\/figure><div class=\"elementor-image-box-content\"><h3 class=\"elementor-image-box-title\"><a href=\"https:\/\/fcsypunca.edu.py\/?page_id=1535\" target=\"_blank\">Comisionamientos<\/a><\/h3><\/div><\/div>\t\t\t\t<\/div>\n\t\t\t\t<\/div>\n\t\t\t\t\t<\/div>\n\t\t<\/div>\n\t\t\t\t\t<\/div>\n\t\t<\/section>\n\t\t\t\t<section class=\"elementor-section elementor-top-section elementor-element elementor-element-24cf44e elementor-section-boxed elementor-section-height-default elementor-section-height-default\" data-id=\"24cf44e\" data-element_type=\"section\">\n\t\t\t\t\t\t<div class=\"elementor-container elementor-column-gap-default\">\n\t\t\t\t\t<div class=\"elementor-column elementor-col-33 elementor-top-column elementor-element elementor-element-9d16a40\" data-id=\"9d16a40\" data-element_type=\"column\">\n\t\t\t<div class=\"elementor-widget-wrap\">\n\t\t\t\t\t\t\t<\/div>\n\t\t<\/div>\n\t\t\t\t<div class=\"elementor-column elementor-col-33 elementor-top-column elementor-element elementor-element-8bede30\" data-id=\"8bede30\" data-element_type=\"column\">\n\t\t\t<div class=\"elementor-widget-wrap elementor-element-populated\">\n\t\t\t\t\t\t<div class=\"elementor-element elementor-element-fa605c3 elementor-position-top elementor-widget elementor-widget-image-box\" data-id=\"fa605c3\" data-element_type=\"widget\" data-widget_type=\"image-box.default\">\n\t\t\t\t<div class=\"elementor-widget-container\">\n\t\t\t\t\t<div class=\"elementor-image-box-wrapper\"><figure class=\"elementor-image-box-img\"><a href=\"https:\/\/fcsypunca.edu.py\/?page_id=6583\" target=\"_blank\" tabindex=\"-1\"><img decoding=\"async\" width=\"512\" height=\"512\" src=\"https:\/\/fcsypunca.edu.py\/wp-content\/uploads\/2021\/11\/manual-de-funciones.png\" class=\"attachment-full size-full wp-image-1932\" alt=\"\" srcset=\"https:\/\/fcsypunca.edu.py\/wp-content\/uploads\/2021\/11\/manual-de-funciones.png 512w, https:\/\/fcsypunca.edu.py\/wp-content\/uploads\/2021\/11\/manual-de-funciones-300x300.png 300w, https:\/\/fcsypunca.edu.py\/wp-content\/uploads\/2021\/11\/manual-de-funciones-150x150.png 150w\" sizes=\"(max-width: 512px) 100vw, 512px\" \/><\/a><\/figure><div class=\"elementor-image-box-content\"><h3 class=\"elementor-image-box-title\"><a href=\"https:\/\/fcsypunca.edu.py\/?page_id=6583\" target=\"_blank\">Otra Informaci\u00f3n que la Entidad Considere Necesaria para dar a Conocer el Cumplimiento de su Misi\u00f3n y Objetivos Institucionales <\/a><\/h3><\/div><\/div>\t\t\t\t<\/div>\n\t\t\t\t<\/div>\n\t\t\t\t\t<\/div>\n\t\t<\/div>\n\t\t\t\t<div class=\"elementor-column elementor-col-33 elementor-top-column elementor-element elementor-element-8b7d088\" data-id=\"8b7d088\" data-element_type=\"column\">\n\t\t\t<div class=\"elementor-widget-wrap elementor-element-populated\">\n\t\t\t\t\t\t<div class=\"elementor-element elementor-element-670ce2e elementor-position-top elementor-widget elementor-widget-image-box\" data-id=\"670ce2e\" data-element_type=\"widget\" data-widget_type=\"image-box.default\">\n\t\t\t\t<div class=\"elementor-widget-container\">\n\t\t\t\t\t<div class=\"elementor-image-box-wrapper\"><figure class=\"elementor-image-box-img\"><a href=\"https:\/\/fcsypunca.edu.py\/?page_id=2319\" target=\"_blank\" tabindex=\"-1\"><img loading=\"lazy\" decoding=\"async\" width=\"920\" height=\"512\" src=\"https:\/\/fcsypunca.edu.py\/wp-content\/uploads\/2022\/02\/resumen.png\" class=\"attachment-full size-full wp-image-2318\" alt=\"\" srcset=\"https:\/\/fcsypunca.edu.py\/wp-content\/uploads\/2022\/02\/resumen.png 920w, https:\/\/fcsypunca.edu.py\/wp-content\/uploads\/2022\/02\/resumen-300x167.png 300w, https:\/\/fcsypunca.edu.py\/wp-content\/uploads\/2022\/02\/resumen-768x427.png 768w\" sizes=\"(max-width: 920px) 100vw, 920px\" \/><\/a><\/figure><div class=\"elementor-image-box-content\"><h3 class=\"elementor-image-box-title\"><a href=\"https:\/\/fcsypunca.edu.py\/?page_id=2319\" target=\"_blank\">Resumen Anual<\/a><\/h3><\/div><\/div>\t\t\t\t<\/div>\n\t\t\t\t<\/div>\n\t\t\t\t\t<\/div>\n\t\t<\/div>\n\t\t\t\t\t<\/div>\n\t\t<\/section>\n\t\t\t\t<\/div>\n\t\t","protected":false},"excerpt":{"rendered":"<p>Ley 5.189\/2014 En cumplimiento a la Ley N\u00b0 5189\/2014 \u00abQue establece la obligatoriedad de la provisi\u00f3n de informaci\u00f3n en el&#8230;<\/p>\n","protected":false},"author":1,"featured_media":0,"parent":0,"menu_order":0,"comment_status":"closed","ping_status":"closed","template":"","meta":{"footnotes":""},"class_list":["post-1315","page","type-page","status-publish","hentry"],"_links":{"self":[{"href":"https:\/\/fcsypunca.edu.py\/index.php?rest_route=\/wp\/v2\/pages\/1315","targetHints":{"allow":["GET"]}}],"collection":[{"href":"https:\/\/fcsypunca.edu.py\/index.php?rest_route=\/wp\/v2\/pages"}],"about":[{"href":"https:\/\/fcsypunca.edu.py\/index.php?rest_route=\/wp\/v2\/types\/page"}],"author":[{"embeddable":true,"href":"https:\/\/fcsypunca.edu.py\/index.php?rest_route=\/wp\/v2\/users\/1"}],"replies":[{"embeddable":true,"href":"https:\/\/fcsypunca.edu.py\/index.php?rest_route=%2Fwp%2Fv2%2Fcomments&post=1315"}],"version-history":[{"count":108,"href":"https:\/\/fcsypunca.edu.py\/index.php?rest_route=\/wp\/v2\/pages\/1315\/revisions"}],"predecessor-version":[{"id":6591,"href":"https:\/\/fcsypunca.edu.py\/index.php?rest_route=\/wp\/v2\/pages\/1315\/revisions\/6591"}],"wp:attachment":[{"href":"https:\/\/fcsypunca.edu.py\/index.php?rest_route=%2Fwp%2Fv2%2Fmedia&parent=1315"}],"curies":[{"name":"wp","href":"https:\/\/api.w.org\/{rel}","templated":true}]}}