{"id":103,"date":"2021-10-01T03:56:46","date_gmt":"2021-10-01T03:56:46","guid":{"rendered":"https:\/\/fcsypunca.edu.py\/?page_id=103"},"modified":"2025-11-18T18:06:51","modified_gmt":"2025-11-18T21:06:51","slug":"mision-y-vision","status":"publish","type":"page","link":"https:\/\/fcsypunca.edu.py\/?page_id=103","title":{"rendered":"Misi\u00f3n y Visi\u00f3n"},"content":{"rendered":"\t\t<div data-elementor-type=\"wp-page\" data-elementor-id=\"103\" class=\"elementor elementor-103\">\n\t\t\t\t\t\t<section class=\"elementor-section elementor-top-section elementor-element elementor-element-b8f4104 elementor-section-full_width elementor-section-stretched elementor-section-height-default elementor-section-height-default\" data-id=\"b8f4104\" data-element_type=\"section\" data-settings=\"{&quot;stretch_section&quot;:&quot;section-stretched&quot;,&quot;shape_divider_top&quot;:&quot;waves&quot;}\">\n\t\t\t\t\t<div class=\"elementor-shape elementor-shape-top\" aria-hidden=\"true\" data-negative=\"false\">\n\t\t\t<svg xmlns=\"http:\/\/www.w3.org\/2000\/svg\" viewBox=\"0 0 1000 100\" preserveAspectRatio=\"none\">\n\t<path class=\"elementor-shape-fill\" d=\"M421.9,6.5c22.6-2.5,51.5,0.4,75.5,5.3c23.6,4.9,70.9,23.5,100.5,35.7c75.8,32.2,133.7,44.5,192.6,49.7\n\tc23.6,2.1,48.7,3.5,103.4-2.5c54.7-6,106.2-25.6,106.2-25.6V0H0v30.3c0,0,72,32.6,158.4,30.5c39.2-0.7,92.8-6.7,134-22.4\n\tc21.2-8.1,52.2-18.2,79.7-24.2C399.3,7.9,411.6,7.5,421.9,6.5z\"\/>\n<\/svg>\t\t<\/div>\n\t\t\t\t\t<div class=\"elementor-container elementor-column-gap-default\">\n\t\t\t\t\t<div class=\"elementor-column elementor-col-100 elementor-top-column elementor-element elementor-element-0d314b9\" data-id=\"0d314b9\" data-element_type=\"column\">\n\t\t\t<div class=\"elementor-widget-wrap elementor-element-populated\">\n\t\t\t\t\t\t<div class=\"elementor-element elementor-element-9202ffb elementor-widget elementor-widget-heading\" data-id=\"9202ffb\" data-element_type=\"widget\" data-widget_type=\"heading.default\">\n\t\t\t\t<div class=\"elementor-widget-container\">\n\t\t\t\t\t<h2 class=\"elementor-heading-title elementor-size-default\">La Facultad de Ciencias Sociales, Pol\u00edticas y Humanidades asume como:<\/h2>\t\t\t\t<\/div>\n\t\t\t\t<\/div>\n\t\t\t\t\t<\/div>\n\t\t<\/div>\n\t\t\t\t\t<\/div>\n\t\t<\/section>\n\t\t\t\t<section class=\"elementor-section elementor-top-section elementor-element elementor-element-2fa2d0e elementor-section-boxed elementor-section-height-default elementor-section-height-default\" data-id=\"2fa2d0e\" data-element_type=\"section\">\n\t\t\t\t\t\t<div class=\"elementor-container elementor-column-gap-default\">\n\t\t\t\t\t<div class=\"elementor-column elementor-col-33 elementor-top-column elementor-element elementor-element-56eebe7\" data-id=\"56eebe7\" data-element_type=\"column\">\n\t\t\t<div class=\"elementor-widget-wrap elementor-element-populated\">\n\t\t\t\t\t\t<div class=\"elementor-element elementor-element-b099169 elementor-widget elementor-widget-image\" data-id=\"b099169\" data-element_type=\"widget\" data-widget_type=\"image.default\">\n\t\t\t\t<div class=\"elementor-widget-container\">\n\t\t\t\t\t\t\t\t\t\t\t\t\t\t\t<img fetchpriority=\"high\" decoding=\"async\" width=\"640\" height=\"640\" src=\"https:\/\/fcsypunca.edu.py\/wp-content\/uploads\/2021\/09\/Logo-blanco-1024x1024.png\" class=\"attachment-large size-large wp-image-111\" alt=\"\" srcset=\"https:\/\/fcsypunca.edu.py\/wp-content\/uploads\/2021\/09\/Logo-blanco-1024x1024.png 1024w, https:\/\/fcsypunca.edu.py\/wp-content\/uploads\/2021\/09\/Logo-blanco-300x300.png 300w, https:\/\/fcsypunca.edu.py\/wp-content\/uploads\/2021\/09\/Logo-blanco-150x150.png 150w, https:\/\/fcsypunca.edu.py\/wp-content\/uploads\/2021\/09\/Logo-blanco-768x768.png 768w, https:\/\/fcsypunca.edu.py\/wp-content\/uploads\/2021\/09\/Logo-blanco-100x100.png 100w, https:\/\/fcsypunca.edu.py\/wp-content\/uploads\/2021\/09\/Logo-blanco.png 1307w\" sizes=\"(max-width: 640px) 100vw, 640px\" \/>\t\t\t\t\t\t\t\t\t\t\t\t\t\t\t<\/div>\n\t\t\t\t<\/div>\n\t\t\t\t<div class=\"elementor-element elementor-element-59e84d7 elementor-widget elementor-widget-heading\" data-id=\"59e84d7\" data-element_type=\"widget\" data-widget_type=\"heading.default\">\n\t\t\t\t<div class=\"elementor-widget-container\">\n\t\t\t\t\t<h2 class=\"elementor-heading-title elementor-size-default\">Visi\u00f3n<\/h2>\t\t\t\t<\/div>\n\t\t\t\t<\/div>\n\t\t\t\t<div class=\"elementor-element elementor-element-c447a05 elementor-widget elementor-widget-text-editor\" data-id=\"c447a05\" data-element_type=\"widget\" data-widget_type=\"text-editor.default\">\n\t\t\t\t<div class=\"elementor-widget-container\">\n\t\t\t\t\t\t\t\t\t<p style=\"text-align: center;\">\u201cFormar profesionales \u00edntegros, cr\u00edticos, innovadores y competentes en las ciencias sociales, pol\u00edticas y humanidades, mediante la academia, la investigaci\u00f3n y la extensi\u00f3n universitaria, fortaleciendo y contribuyendo al<br \/>desarrollo sostenible del pa\u00eds, en articulaci\u00f3n con los desaf\u00edos nacionales e Internacionales\u00bb.<\/p>\t\t\t\t\t\t\t\t<\/div>\n\t\t\t\t<\/div>\n\t\t\t\t\t<\/div>\n\t\t<\/div>\n\t\t\t\t<div class=\"elementor-column elementor-col-33 elementor-top-column elementor-element elementor-element-1868283\" data-id=\"1868283\" data-element_type=\"column\">\n\t\t\t<div class=\"elementor-widget-wrap elementor-element-populated\">\n\t\t\t\t\t\t<div class=\"elementor-element elementor-element-269297f elementor-widget elementor-widget-image\" data-id=\"269297f\" data-element_type=\"widget\" data-widget_type=\"image.default\">\n\t\t\t\t<div class=\"elementor-widget-container\">\n\t\t\t\t\t\t\t\t\t\t\t\t\t\t\t<img decoding=\"async\" width=\"640\" height=\"640\" src=\"https:\/\/fcsypunca.edu.py\/wp-content\/uploads\/2021\/09\/Logo-rojo-1024x1024.png\" class=\"attachment-large size-large wp-image-110\" alt=\"\" srcset=\"https:\/\/fcsypunca.edu.py\/wp-content\/uploads\/2021\/09\/Logo-rojo-1024x1024.png 1024w, https:\/\/fcsypunca.edu.py\/wp-content\/uploads\/2021\/09\/Logo-rojo-300x300.png 300w, https:\/\/fcsypunca.edu.py\/wp-content\/uploads\/2021\/09\/Logo-rojo-150x150.png 150w, https:\/\/fcsypunca.edu.py\/wp-content\/uploads\/2021\/09\/Logo-rojo-768x768.png 768w, https:\/\/fcsypunca.edu.py\/wp-content\/uploads\/2021\/09\/Logo-rojo-100x100.png 100w, https:\/\/fcsypunca.edu.py\/wp-content\/uploads\/2021\/09\/Logo-rojo.png 1307w\" sizes=\"(max-width: 640px) 100vw, 640px\" \/>\t\t\t\t\t\t\t\t\t\t\t\t\t\t\t<\/div>\n\t\t\t\t<\/div>\n\t\t\t\t<div class=\"elementor-element elementor-element-f616479 elementor-widget elementor-widget-heading\" data-id=\"f616479\" data-element_type=\"widget\" data-widget_type=\"heading.default\">\n\t\t\t\t<div class=\"elementor-widget-container\">\n\t\t\t\t\t<h2 class=\"elementor-heading-title elementor-size-default\">Misi\u00f3n<\/h2>\t\t\t\t<\/div>\n\t\t\t\t<\/div>\n\t\t\t\t<div class=\"elementor-element elementor-element-e8f83e7 elementor-widget elementor-widget-text-editor\" data-id=\"e8f83e7\" data-element_type=\"widget\" data-widget_type=\"text-editor.default\">\n\t\t\t\t<div class=\"elementor-widget-container\">\n\t\t\t\t\t\t\t\t\t<p style=\"text-align: center;\">\u201cConsolidarse como una instituci\u00f3n de educaci\u00f3n<br \/>superior de referencia en las ciencias sociales, pol\u00edticas y humanidades, reconocida a nivel nacional e internacional por su innovaci\u00f3n en la academia, investigaci\u00f3n y extensi\u00f3n universitaria, al servicio de una sociedad m\u00e1s justa, equitativa e inclusiva, e\u00a0 el a\u00f1o 2029\u201d.<\/p>\t\t\t\t\t\t\t\t<\/div>\n\t\t\t\t<\/div>\n\t\t\t\t\t<\/div>\n\t\t<\/div>\n\t\t\t\t<div class=\"elementor-column elementor-col-33 elementor-top-column elementor-element elementor-element-6ccb0c1\" data-id=\"6ccb0c1\" data-element_type=\"column\">\n\t\t\t<div class=\"elementor-widget-wrap elementor-element-populated\">\n\t\t\t\t\t\t<div class=\"elementor-element elementor-element-2cf67f9 elementor-widget elementor-widget-image\" data-id=\"2cf67f9\" data-element_type=\"widget\" data-widget_type=\"image.default\">\n\t\t\t\t<div class=\"elementor-widget-container\">\n\t\t\t\t\t\t\t\t\t\t\t\t\t\t\t<img decoding=\"async\" width=\"640\" height=\"640\" src=\"https:\/\/fcsypunca.edu.py\/wp-content\/uploads\/2021\/09\/Logo-gris-1024x1024.png\" class=\"attachment-large size-large wp-image-112\" alt=\"\" srcset=\"https:\/\/fcsypunca.edu.py\/wp-content\/uploads\/2021\/09\/Logo-gris-1024x1024.png 1024w, https:\/\/fcsypunca.edu.py\/wp-content\/uploads\/2021\/09\/Logo-gris-300x300.png 300w, https:\/\/fcsypunca.edu.py\/wp-content\/uploads\/2021\/09\/Logo-gris-150x150.png 150w, https:\/\/fcsypunca.edu.py\/wp-content\/uploads\/2021\/09\/Logo-gris-768x768.png 768w, https:\/\/fcsypunca.edu.py\/wp-content\/uploads\/2021\/09\/Logo-gris-100x100.png 100w, https:\/\/fcsypunca.edu.py\/wp-content\/uploads\/2021\/09\/Logo-gris.png 1307w\" sizes=\"(max-width: 640px) 100vw, 640px\" \/>\t\t\t\t\t\t\t\t\t\t\t\t\t\t\t<\/div>\n\t\t\t\t<\/div>\n\t\t\t\t<div class=\"elementor-element elementor-element-2318b8c elementor-widget elementor-widget-heading\" data-id=\"2318b8c\" data-element_type=\"widget\" data-widget_type=\"heading.default\">\n\t\t\t\t<div class=\"elementor-widget-container\">\n\t\t\t\t\t<h2 class=\"elementor-heading-title elementor-size-default\">Valores<\/h2>\t\t\t\t<\/div>\n\t\t\t\t<\/div>\n\t\t\t\t<div class=\"elementor-element elementor-element-25f3ac5 elementor-widget elementor-widget-text-editor\" data-id=\"25f3ac5\" data-element_type=\"widget\" data-widget_type=\"text-editor.default\">\n\t\t\t\t<div class=\"elementor-widget-container\">\n\t\t\t\t\t\t\t\t\t<ul><li>Imparcialidad.<\/li><li>Transparencia.<\/li><li>Respeto.<\/li><li>Igualdad y no discriminaci\u00f3n<\/li><li>Justicia.<\/li><li>Responsabilidad.<\/li><li>Eficiencia.<\/li><li>Eficacia.<\/li><li>Solidaridad.<\/li><li>Integridad.<\/li><\/ul>\t\t\t\t\t\t\t\t<\/div>\n\t\t\t\t<\/div>\n\t\t\t\t\t<\/div>\n\t\t<\/div>\n\t\t\t\t\t<\/div>\n\t\t<\/section>\n\t\t\t\t<section class=\"elementor-section elementor-top-section elementor-element elementor-element-7f2478d elementor-section-boxed elementor-section-height-default elementor-section-height-default\" data-id=\"7f2478d\" data-element_type=\"section\">\n\t\t\t\t\t\t<div class=\"elementor-container elementor-column-gap-default\">\n\t\t\t\t\t<div class=\"elementor-column elementor-col-100 elementor-top-column elementor-element elementor-element-fc8fadb\" data-id=\"fc8fadb\" data-element_type=\"column\">\n\t\t\t<div class=\"elementor-widget-wrap elementor-element-populated\">\n\t\t\t\t\t\t<div class=\"elementor-element elementor-element-4c7df76 elementor-widget elementor-widget-eael-creative-button\" data-id=\"4c7df76\" data-element_type=\"widget\" data-widget_type=\"eael-creative-button.default\">\n\t\t\t\t<div class=\"elementor-widget-container\">\n\t\t\t\t\t        <div class=\"eael-creative-button-wrapper\">\n\n            <a class=\"eael-creative-button eael-creative-button--default\" href=\"https:\/\/drive.google.com\/file\/d\/1BdQtqo3kUPZX_VjfC77pfaQr9hl800Lq\/view?usp=sharing\" target=\"_blank\" data-text=\"\">\n\n\t    \n                <div class=\"creative-button-inner\">\n\n                    \n                    <span class=\"cretive-button-text\">Resoluci\u00f3n de Actualizaci\u00f3n de la Misi\u00f3n y Visi\u00f3n de la FCSPyH 2025<\/span>\n\n                                    <\/div>\n\t                        <\/a>\n        <\/div>\n        \t\t\t\t<\/div>\n\t\t\t\t<\/div>\n\t\t\t\t\t<\/div>\n\t\t<\/div>\n\t\t\t\t\t<\/div>\n\t\t<\/section>\n\t\t\t\t<section class=\"elementor-section elementor-top-section elementor-element elementor-element-bf9b42f elementor-section-boxed elementor-section-height-default elementor-section-height-default\" data-id=\"bf9b42f\" data-element_type=\"section\">\n\t\t\t\t\t\t<div class=\"elementor-container elementor-column-gap-default\">\n\t\t\t\t\t<div class=\"elementor-column elementor-col-100 elementor-top-column elementor-element elementor-element-ea5c6e5\" data-id=\"ea5c6e5\" data-element_type=\"column\">\n\t\t\t<div class=\"elementor-widget-wrap elementor-element-populated\">\n\t\t\t\t\t\t<div class=\"elementor-element elementor-element-7106704 elementor-widget elementor-widget-eael-creative-button\" data-id=\"7106704\" data-element_type=\"widget\" data-widget_type=\"eael-creative-button.default\">\n\t\t\t\t<div class=\"elementor-widget-container\">\n\t\t\t\t\t        <div class=\"eael-creative-button-wrapper\">\n\n            <a class=\"eael-creative-button eael-creative-button--default\" href=\"https:\/\/fcsypunca.edu.py\/wp-content\/uploads\/2023\/06\/RESOLUCION-CD-01-23-ACTUALIZA-MISIA_N-Y-APRUEBA-MEMBRETE-INSTITUCIONAL-1.pdf\" target=\"_blank\" data-text=\"\">\n\n\t    \n                <div class=\"creative-button-inner\">\n\n                    \n                    <span class=\"cretive-button-text\">Resoluci\u00f3n de Actualizaci\u00f3n de la Misi\u00f3n y Visi\u00f3n de la FCSPyH 2023<\/span>\n\n                                    <\/div>\n\t                        <\/a>\n        <\/div>\n        \t\t\t\t<\/div>\n\t\t\t\t<\/div>\n\t\t\t\t\t<\/div>\n\t\t<\/div>\n\t\t\t\t\t<\/div>\n\t\t<\/section>\n\t\t\t\t<section class=\"elementor-section elementor-top-section elementor-element elementor-element-c982fa3 elementor-section-boxed elementor-section-height-default elementor-section-height-default\" data-id=\"c982fa3\" data-element_type=\"section\">\n\t\t\t\t\t\t<div class=\"elementor-container elementor-column-gap-default\">\n\t\t\t\t\t<div class=\"elementor-column elementor-col-100 elementor-top-column elementor-element elementor-element-eea5f80\" data-id=\"eea5f80\" data-element_type=\"column\">\n\t\t\t<div class=\"elementor-widget-wrap elementor-element-populated\">\n\t\t\t\t\t\t<div class=\"elementor-element elementor-element-187f77f elementor-widget elementor-widget-eael-creative-button\" data-id=\"187f77f\" data-element_type=\"widget\" data-widget_type=\"eael-creative-button.default\">\n\t\t\t\t<div class=\"elementor-widget-container\">\n\t\t\t\t\t        <div class=\"eael-creative-button-wrapper\">\n\n            <a class=\"eael-creative-button eael-creative-button--default\" href=\"https:\/\/drive.google.com\/file\/d\/1qfB-hHe7iDr3_dtk9EzF8XwHj0BjkItc\/view?usp=sharing\" target=\"_blank\" data-text=\"\">\n\n\t    \n                <div class=\"creative-button-inner\">\n\n                    \n                    <span class=\"cretive-button-text\">Resoluci\u00f3n de Actualizaci\u00f3n de la Misi\u00f3n y Visi\u00f3n de la FCSPyH 2020<\/span>\n\n                                    <\/div>\n\t                        <\/a>\n        <\/div>\n        \t\t\t\t<\/div>\n\t\t\t\t<\/div>\n\t\t\t\t\t<\/div>\n\t\t<\/div>\n\t\t\t\t\t<\/div>\n\t\t<\/section>\n\t\t\t\t<\/div>\n\t\t","protected":false},"excerpt":{"rendered":"<p>La Facultad de Ciencias Sociales, Pol\u00edticas y Humanidades asume como: Visi\u00f3n \u201cFormar profesionales \u00edntegros, cr\u00edticos, innovadores y competentes en las&#8230;<\/p>\n","protected":false},"author":1,"featured_media":0,"parent":0,"menu_order":0,"comment_status":"closed","ping_status":"closed","template":"","meta":{"footnotes":""},"class_list":["post-103","page","type-page","status-publish","hentry"],"_links":{"self":[{"href":"https:\/\/fcsypunca.edu.py\/index.php?rest_route=\/wp\/v2\/pages\/103","targetHints":{"allow":["GET"]}}],"collection":[{"href":"https:\/\/fcsypunca.edu.py\/index.php?rest_route=\/wp\/v2\/pages"}],"about":[{"href":"https:\/\/fcsypunca.edu.py\/index.php?rest_route=\/wp\/v2\/types\/page"}],"author":[{"embeddable":true,"href":"https:\/\/fcsypunca.edu.py\/index.php?rest_route=\/wp\/v2\/users\/1"}],"replies":[{"embeddable":true,"href":"https:\/\/fcsypunca.edu.py\/index.php?rest_route=%2Fwp%2Fv2%2Fcomments&post=103"}],"version-history":[{"count":45,"href":"https:\/\/fcsypunca.edu.py\/index.php?rest_route=\/wp\/v2\/pages\/103\/revisions"}],"predecessor-version":[{"id":6110,"href":"https:\/\/fcsypunca.edu.py\/index.php?rest_route=\/wp\/v2\/pages\/103\/revisions\/6110"}],"wp:attachment":[{"href":"https:\/\/fcsypunca.edu.py\/index.php?rest_route=%2Fwp%2Fv2%2Fmedia&parent=103"}],"curies":[{"name":"wp","href":"https:\/\/api.w.org\/{rel}","templated":true}]}}