{"id":100,"date":"2021-10-01T03:55:33","date_gmt":"2021-10-01T03:55:33","guid":{"rendered":"https:\/\/fcsypunca.edu.py\/?page_id=100"},"modified":"2023-06-13T18:37:33","modified_gmt":"2023-06-13T18:37:33","slug":"historia","status":"publish","type":"page","link":"https:\/\/fcsypunca.edu.py\/?page_id=100","title":{"rendered":"Historia"},"content":{"rendered":"\t\t<div data-elementor-type=\"wp-page\" data-elementor-id=\"100\" class=\"elementor elementor-100\">\n\t\t\t\t\t\t<section class=\"elementor-section elementor-top-section elementor-element elementor-element-43f2364 elementor-section-full_width elementor-section-stretched elementor-section-height-default elementor-section-height-default\" data-id=\"43f2364\" data-element_type=\"section\" data-settings=\"{&quot;stretch_section&quot;:&quot;section-stretched&quot;,&quot;shape_divider_top&quot;:&quot;waves&quot;}\">\n\t\t\t\t\t<div class=\"elementor-shape elementor-shape-top\" aria-hidden=\"true\" data-negative=\"false\">\n\t\t\t<svg xmlns=\"http:\/\/www.w3.org\/2000\/svg\" viewBox=\"0 0 1000 100\" preserveAspectRatio=\"none\">\n\t<path class=\"elementor-shape-fill\" d=\"M421.9,6.5c22.6-2.5,51.5,0.4,75.5,5.3c23.6,4.9,70.9,23.5,100.5,35.7c75.8,32.2,133.7,44.5,192.6,49.7\n\tc23.6,2.1,48.7,3.5,103.4-2.5c54.7-6,106.2-25.6,106.2-25.6V0H0v30.3c0,0,72,32.6,158.4,30.5c39.2-0.7,92.8-6.7,134-22.4\n\tc21.2-8.1,52.2-18.2,79.7-24.2C399.3,7.9,411.6,7.5,421.9,6.5z\"\/>\n<\/svg>\t\t<\/div>\n\t\t\t\t\t<div class=\"elementor-container elementor-column-gap-default\">\n\t\t\t\t\t<div class=\"elementor-column elementor-col-100 elementor-top-column elementor-element elementor-element-4c1710d\" data-id=\"4c1710d\" data-element_type=\"column\">\n\t\t\t<div class=\"elementor-widget-wrap elementor-element-populated\">\n\t\t\t\t\t\t<div class=\"elementor-element elementor-element-6245970 elementor-widget elementor-widget-heading\" data-id=\"6245970\" data-element_type=\"widget\" data-settings=\"{&quot;_animation&quot;:&quot;none&quot;}\" data-widget_type=\"heading.default\">\n\t\t\t\t<div class=\"elementor-widget-container\">\n\t\t\t\t\t<h2 class=\"elementor-heading-title elementor-size-default\">Facultad de Ciencias Sociales, Pol\u00edticas y Humanidades<\/h2>\t\t\t\t<\/div>\n\t\t\t\t<\/div>\n\t\t\t\t\t<\/div>\n\t\t<\/div>\n\t\t\t\t\t<\/div>\n\t\t<\/section>\n\t\t\t\t<section class=\"elementor-section elementor-top-section elementor-element elementor-element-00603ce elementor-section-full_width elementor-section-content-middle elementor-section-stretched elementor-section-height-default elementor-section-height-default\" data-id=\"00603ce\" data-element_type=\"section\" data-settings=\"{&quot;stretch_section&quot;:&quot;section-stretched&quot;,&quot;shape_divider_bottom&quot;:&quot;waves&quot;}\">\n\t\t\t\t\t<div class=\"elementor-shape elementor-shape-bottom\" aria-hidden=\"true\" data-negative=\"false\">\n\t\t\t<svg xmlns=\"http:\/\/www.w3.org\/2000\/svg\" viewBox=\"0 0 1000 100\" preserveAspectRatio=\"none\">\n\t<path class=\"elementor-shape-fill\" d=\"M421.9,6.5c22.6-2.5,51.5,0.4,75.5,5.3c23.6,4.9,70.9,23.5,100.5,35.7c75.8,32.2,133.7,44.5,192.6,49.7\n\tc23.6,2.1,48.7,3.5,103.4-2.5c54.7-6,106.2-25.6,106.2-25.6V0H0v30.3c0,0,72,32.6,158.4,30.5c39.2-0.7,92.8-6.7,134-22.4\n\tc21.2-8.1,52.2-18.2,79.7-24.2C399.3,7.9,411.6,7.5,421.9,6.5z\"\/>\n<\/svg>\t\t<\/div>\n\t\t\t\t\t<div class=\"elementor-container elementor-column-gap-default\">\n\t\t\t\t\t<div class=\"elementor-column elementor-col-100 elementor-top-column elementor-element elementor-element-bf486d1\" data-id=\"bf486d1\" data-element_type=\"column\">\n\t\t\t<div class=\"elementor-widget-wrap elementor-element-populated\">\n\t\t\t\t\t\t<div class=\"elementor-element elementor-element-a135f19 elementor-widget elementor-widget-prim_basic_about_me\" data-id=\"a135f19\" data-element_type=\"widget\" data-settings=\"{&quot;aboutme_image&quot;:{&quot;url&quot;:&quot;https:\\\/\\\/fcsypunca.edu.py\\\/wp-content\\\/uploads\\\/2023\\\/02\\\/cropped-Logo-1.png&quot;,&quot;id&quot;:3610,&quot;size&quot;:&quot;&quot;,&quot;alt&quot;:&quot;&quot;,&quot;source&quot;:&quot;library&quot;},&quot;aboutme_sign_image&quot;:{&quot;url&quot;:&quot;https:\\\/\\\/fcsypunca.edu.py\\\/wp-content\\\/plugins\\\/elementor\\\/assets\\\/images\\\/placeholder.png&quot;,&quot;id&quot;:&quot;&quot;,&quot;size&quot;:&quot;&quot;}}\" data-widget_type=\"prim_basic_about_me.default\">\n\t\t\t\t<div class=\"elementor-widget-container\">\n\t\t\t\t\t<div class=\"napae-aboutme-item zoom-image\">\n\t\t\t\t\t\t\t\t<div class=\"aboutme-image nich-order-2\"><div class=\"napae-image\"><img decoding=\"async\" src=\"https:\/\/fcsypunca.edu.py\/wp-content\/uploads\/2023\/02\/cropped-Logo-1.png\" alt=\"\"><\/div><\/div>\n\t\t\t\t\t\t\t\t<div class=\"aboutme-info nich-order-1\"><div class=\"aboutme-info-wrap\">\n\t\t\t\t\t\t\t\t\t&lt;p style=&quot;text-align: justify;&quot;&gt;La Facultad de Ciencias Sociales, Pol\u00edticas y Humanidades fue habilitada por Resoluci\u00f3n N\u00ba 20\/2008 de fecha 23\/12\/2008 del Consejo Superior Universitario, como &quot;Facultad de Derecho y Ciencias Sociales&quot; para su funcionamiento a partir del periodo lectivo 2009, posteriormente fue modificada por resoluci\u00f3n N\u00ba 105\/2011 de fecha 12\/10\/2011 del Rectorado, aclarando que deb\u00eda decir &quot;Facultad de Ciencias Sociales y Pol\u00edticas&quot;.&lt;\/p&gt;&lt;p style=&quot;text-align: left;&quot;&gt;La primera carrera habilitada por resoluci\u00f3n del Consejo Superior Universitario N\u00ba 22\/08 de fecha 23\/12\/2008 fue la de Ciencias Pol\u00edticas, iniciando el periodo lectivo a partir del a\u00f1o 2009.&lt;br \/&gt;La carrera de Abogac\u00eda fue habilitada por Resoluci\u00f3n del Consejo Superior Universitario N\u00ba 19\/2009 de fecha 24\/06\/2009, funcionando la misma a partir del a\u00f1o 2010.&lt;\/p&gt;<\/div>\n\t\t\t\t\t\t\t<\/div>\n\t\t\t\t\t\t<\/div>\t\t\t\t<\/div>\n\t\t\t\t<\/div>\n\t\t\t\t\t<\/div>\n\t\t<\/div>\n\t\t\t\t\t<\/div>\n\t\t<\/section>\n\t\t\t\t<\/div>\n\t\t","protected":false},"excerpt":{"rendered":"<p>Facultad de Ciencias Sociales, Pol\u00edticas y Humanidades La Facultad de Ciencias Sociales, Pol\u00edticas y Humanidades fue habilitada por Resoluci\u00f3n N\u00ba&#8230;<\/p>\n","protected":false},"author":1,"featured_media":0,"parent":0,"menu_order":0,"comment_status":"closed","ping_status":"closed","template":"","meta":{"footnotes":""},"class_list":["post-100","page","type-page","status-publish","hentry"],"_links":{"self":[{"href":"https:\/\/fcsypunca.edu.py\/index.php?rest_route=\/wp\/v2\/pages\/100","targetHints":{"allow":["GET"]}}],"collection":[{"href":"https:\/\/fcsypunca.edu.py\/index.php?rest_route=\/wp\/v2\/pages"}],"about":[{"href":"https:\/\/fcsypunca.edu.py\/index.php?rest_route=\/wp\/v2\/types\/page"}],"author":[{"embeddable":true,"href":"https:\/\/fcsypunca.edu.py\/index.php?rest_route=\/wp\/v2\/users\/1"}],"replies":[{"embeddable":true,"href":"https:\/\/fcsypunca.edu.py\/index.php?rest_route=%2Fwp%2Fv2%2Fcomments&post=100"}],"version-history":[{"count":33,"href":"https:\/\/fcsypunca.edu.py\/index.php?rest_route=\/wp\/v2\/pages\/100\/revisions"}],"predecessor-version":[{"id":3895,"href":"https:\/\/fcsypunca.edu.py\/index.php?rest_route=\/wp\/v2\/pages\/100\/revisions\/3895"}],"wp:attachment":[{"href":"https:\/\/fcsypunca.edu.py\/index.php?rest_route=%2Fwp%2Fv2%2Fmedia&parent=100"}],"curies":[{"name":"wp","href":"https:\/\/api.w.org\/{rel}","templated":true}]}}